{"id":1093,"date":"2025-04-01T16:15:33","date_gmt":"2025-04-01T14:15:33","guid":{"rendered":"https:\/\/youngcollectors.galerieleage.com\/?post_type=product&#038;p=1093"},"modified":"2025-05-22T13:00:17","modified_gmt":"2025-05-22T11:00:17","slug":"pair-of-wall-lights-with-one-arm-and-male-profiles","status":"publish","type":"product","link":"https:\/\/youngcollectors.galerieleage.com\/en\/object\/pair-of-wall-lights-with-one-arm-and-male-profiles\/","title":{"rendered":"Pair of wall lights in embossed metal"},"content":{"rendered":"","protected":false},"excerpt":{"rendered":"","protected":false},"featured_media":2437,"template":"","meta":{"_acf_changed":false,"wp_typography_post_enhancements_disabled":false,"_yc_description_objet":"","_yc_histoire_objet":"","_yc_etat_objet":""},"product_brand":[],"product_cat":[],"product_tag":[],"class_list":{"0":"post-1093","1":"product","2":"type-product","3":"status-publish","4":"has-post-thumbnail","7":"first","8":"instock","9":"taxable","10":"shipping-taxable","11":"purchasable","12":"product-type-simple"},"acf":{"cartel":{"simple_value_formatted":"<p style=\"font-weight: 400;text-align: center\">France, late 17<sup>th <\/sup>\u2013 early 18<sup>th<\/sup> century<\/p>\n<p style=\"font-weight: 400;text-align: center\">Silver plates in embossed metal<\/p>\n","value_formatted":"<p style=\"font-weight: 400;text-align: center\">France, late 17<sup>th <\/sup>\u2013 early 18<sup>th<\/sup> century<\/p>\r\n<p style=\"font-weight: 400;text-align: center\">Silver plates in embossed metal<\/p>","value":"<p style=\"font-weight: 400;text-align: center\">France, late 17<sup>th <\/sup>\u2013 early 18<sup>th<\/sup> century<\/p>\r\n<p style=\"font-weight: 400;text-align: center\">Silver plates in embossed metal<\/p>","field":{"ID":781,"key":"field_67f661144735a","label":"Cartel","name":"cartel","aria-label":"","prefix":"acf","type":"wysiwyg","value":null,"menu_order":0,"instructions":"","required":0,"id":"","class":"","conditional_logic":0,"parent":614,"wrapper":{"width":"","class":"","id":""},"wp-typography":"content","default_value":"","tabs":"all","toolbar":"full","media_upload":1,"delay":0,"wpml_cf_preferences":2,"_name":"cartel","_valid":1}},"dimensions":{"simple_value_formatted":"<p>&nbsp;<\/p>\n<p style=\"font-weight: 400;text-align: center\">Height: 55,3 cm \u2013 21 \u00be inches<\/p>\n<p style=\"font-weight: 400;text-align: center\">Width: 38,5 cm \u2013 15 <sup>1\/8<\/sup> inches<\/p>\n<p style=\"font-weight: 400;text-align: center\">Depth: 33,2 cm \u2013 13 inches<\/p>\n","value_formatted":"&nbsp;\r\n<p style=\"font-weight: 400;text-align: center\">Height: 55,3 cm \u2013 21 \u00be inches<\/p>\r\n<p style=\"font-weight: 400;text-align: center\">Width: 38,5 cm \u2013 15 <sup>1\/8<\/sup> inches<\/p>\r\n<p style=\"font-weight: 400;text-align: center\">Depth: 33,2 cm \u2013 13 inches<\/p>","value":"&nbsp;\r\n<p style=\"font-weight: 400;text-align: center\">Height: 55,3 cm \u2013 21 \u00be inches<\/p>\r\n<p style=\"font-weight: 400;text-align: center\">Width: 38,5 cm \u2013 15 <sup>1\/8<\/sup> inches<\/p>\r\n<p style=\"font-weight: 400;text-align: center\">Depth: 33,2 cm \u2013 13 inches<\/p>","field":{"ID":782,"key":"field_67f661254735b","label":"Dimensions","name":"dimensions","aria-label":"","prefix":"acf","type":"wysiwyg","value":null,"menu_order":1,"instructions":"","required":0,"id":"","class":"","conditional_logic":0,"parent":614,"wrapper":{"width":"","class":"","id":""},"wpml_cf_preferences":2,"wp-typography":"content","default_value":"","tabs":"all","toolbar":"full","media_upload":1,"delay":0,"_name":"dimensions","_valid":1}},"exemples_comparables":{"simple_value_formatted":"<h3>Comparable examples:<\/h3>\n<ul>\n<li><em>Pair of one arm wall lights with the coat of arms of Paul and Ursula Esterh\u00e1zy<\/em>, mid-17<sup>th<\/sup> century, Esterh\u00e1zy Privatstiftung, Forchtenstein Castle, Augsburg<\/li>\n<\/ul>\n<ul>\n<li>Pierre Doublet, <em>Pair of wall light plates, <\/em>1669-1670<em>,<\/em> Mus\u00e9e du Louvre, Paris<br \/>\n(inv. OA 9944)<\/li>\n<\/ul>\n","value_formatted":"<h3>Comparable examples:<\/h3>\r\n<ul>\r\n \t<li><em>Pair of one arm wall lights with the coat of arms of Paul and Ursula Esterh\u00e1zy<\/em>, mid-17<sup>th<\/sup> century, Esterh\u00e1zy Privatstiftung, Forchtenstein Castle, Augsburg<\/li>\r\n<\/ul>\r\n<ul>\r\n \t<li>Pierre Doublet, <em>Pair of wall light plates, <\/em>1669-1670<em>,<\/em> Mus\u00e9e du Louvre, Paris\r\n(inv. OA 9944)<\/li>\r\n<\/ul>","value":"<h3>Comparable examples:<\/h3>\r\n<ul>\r\n \t<li><em>Pair of one arm wall lights with the coat of arms of Paul and Ursula Esterh\u00e1zy<\/em>, mid-17<sup>th<\/sup> century, Esterh\u00e1zy Privatstiftung, Forchtenstein Castle, Augsburg<\/li>\r\n<\/ul>\r\n<ul>\r\n \t<li>Pierre Doublet, <em>Pair of wall light plates, <\/em>1669-1670<em>,<\/em> Mus\u00e9e du Louvre, Paris\r\n(inv. OA 9944)<\/li>\r\n<\/ul>","field":{"ID":783,"key":"field_67f661484735c","label":"Exemples comparables","name":"exemples_comparables","aria-label":"","prefix":"acf","type":"wysiwyg","value":null,"menu_order":2,"instructions":"","required":0,"id":"","class":"","conditional_logic":0,"parent":614,"wrapper":{"width":"","class":"","id":""},"wp-typography":"content","default_value":"","tabs":"all","toolbar":"full","media_upload":1,"delay":0,"wpml_cf_preferences":2,"_name":"exemples_comparables","_valid":1}},"exemples_vraisemblablement_identiques":{"simple_value_formatted":"","value_formatted":"","value":"","field":{"ID":786,"key":"field_67f662067360c","label":"Exemples vraisemblablement identiques","name":"exemples_vraisemblablement_identiques","aria-label":"","prefix":"acf","type":"wysiwyg","value":null,"menu_order":3,"instructions":"","required":0,"id":"","class":"","conditional_logic":0,"parent":614,"wrapper":{"width":"","class":"","id":""},"wp-typography":"content","default_value":"","tabs":"all","toolbar":"full","media_upload":1,"delay":0,"wpml_cf_preferences":2,"_name":"exemples_vraisemblablement_identiques","_valid":1}},"publications":{"simple_value_formatted":"","value_formatted":"","value":"","field":{"ID":784,"key":"field_67f661604735d","label":"Publications","name":"publications","aria-label":"","prefix":"acf","type":"wysiwyg","value":null,"menu_order":4,"instructions":"","required":0,"id":"","class":"","conditional_logic":0,"parent":614,"wrapper":{"width":"","class":"","id":""},"wp-typography":"content","default_value":"","tabs":"all","toolbar":"full","media_upload":1,"delay":0,"wpml_cf_preferences":2,"_name":"publications","_valid":1}},"description_de_lobjet":{"simple_value_formatted":"<p style=\"font-weight: 400\">The wall lights are composed of a polylobed shape plate from where starts, in the lower part, a light arm ended by a socket and a <em>bob\u00e8che<\/em> to receive a candle. Each plate presents a decoration of acanthus leaves, natural flowers, hammered volutes. An oval beaded framework of the same motif, underlined by natural thistle leaves, flanks the central plates. The latter presents two male busts, crowned with laurel and dressed in antique style, in profile, on a piedouche. These figures are unknown but can be compared to those that adorn the <em>wall of lights with the arms of Paul and Ursula Estreh\u00e1zy<\/em>preserved at the castle of Forchtenstein in Augsburg and dated back to the middle of the 17<sup>th<\/sup> century. In the lower part, there is a S-shaped foliated windings branch, supporting the decorated basin and the <em>bob\u00e8che<\/em> at the end.<\/p>\n","value_formatted":"<p style=\"font-weight: 400\">The wall lights are composed of a polylobed shape plate from where starts, in the lower part, a light arm ended by a socket and a <em>bob\u00e8che<\/em> to receive a candle. Each plate presents a decoration of acanthus leaves, natural flowers, hammered volutes. An oval beaded framework of the same motif, underlined by natural thistle leaves, flanks the central plates. The latter presents two male busts, crowned with laurel and dressed in antique style, in profile, on a piedouche. These figures are unknown but can be compared to those that adorn the <em>wall of lights with the arms of Paul and Ursula Estreh\u00e1zy<\/em>preserved at the castle of Forchtenstein in Augsburg and dated back to the middle of the 17<sup>th<\/sup> century. In the lower part, there is a S-shaped foliated windings branch, supporting the decorated basin and the <em>bob\u00e8che<\/em> at the end.<\/p>","value":"<p style=\"font-weight: 400\">The wall lights are composed of a polylobed shape plate from where starts, in the lower part, a light arm ended by a socket and a <em>bob\u00e8che<\/em> to receive a candle. Each plate presents a decoration of acanthus leaves, natural flowers, hammered volutes. An oval beaded framework of the same motif, underlined by natural thistle leaves, flanks the central plates. The latter presents two male busts, crowned with laurel and dressed in antique style, in profile, on a piedouche. These figures are unknown but can be compared to those that adorn the <em>wall of lights with the arms of Paul and Ursula Estreh\u00e1zy<\/em>preserved at the castle of Forchtenstein in Augsburg and dated back to the middle of the 17<sup>th<\/sup> century. In the lower part, there is a S-shaped foliated windings branch, supporting the decorated basin and the <em>bob\u00e8che<\/em> at the end.<\/p>","field":{"ID":615,"key":"field_67e67d7bae7bc","label":"Description de l'objet","name":"description_de_lobjet","aria-label":"","prefix":"acf","type":"wysiwyg","value":null,"menu_order":5,"instructions":"","required":0,"id":"","class":"","conditional_logic":0,"parent":614,"wrapper":{"width":"","class":"","id":""},"default_value":"","tabs":"all","toolbar":"full","media_upload":1,"delay":0,"wpml_cf_preferences":2,"_name":"description_de_lobjet","_valid":1}},"histoire_de_lobjet":{"simple_value_formatted":"<h3 style=\"font-weight: 400\">The plates of lights<\/h3>\n<p><span style=\"font-weight: 400\">The plates of lights were attached to the wall. They were even sometimes hung directly on the tapestries as indicated in the representation of the room of Louis XIV at the <em>Ch\u00e2teau de Fontainebleau <\/em>on the tapestry of <em>The Audience of the legate<\/em> (<em>Tenture de l\u2019Histoire du Roi<\/em>), preserved in the Mus\u00e9e du Louvre. The candlelight supported by the arm of light reflected and shimmered on the plates either left smooth as mirrors or worked, as we can see it here. In the 18<sup>th<\/sup> century, with the multiplication of mirrors in interiors that allowed the light to be reflected, the plates gave way to arms of light placed on either side of the glass overmantels.<\/span><\/p>\n","value_formatted":"<h3 style=\"font-weight: 400\">The plates of lights<\/h3>\r\n<span style=\"font-weight: 400\">The plates of lights were attached to the wall. They were even sometimes hung directly on the tapestries as indicated in the representation of the room of Louis XIV at the <em>Ch\u00e2teau de Fontainebleau <\/em>on the tapestry of <em>The Audience of the legate<\/em> (<em>Tenture de l\u2019Histoire du Roi<\/em>), preserved in the Mus\u00e9e du Louvre. The candlelight supported by the arm of light reflected and shimmered on the plates either left smooth as mirrors or worked, as we can see it here. In the 18<sup>th<\/sup> century, with the multiplication of mirrors in interiors that allowed the light to be reflected, the plates gave way to arms of light placed on either side of the glass overmantels.<\/span>","value":"<h3 style=\"font-weight: 400\">The plates of lights<\/h3>\r\n<span style=\"font-weight: 400\">The plates of lights were attached to the wall. They were even sometimes hung directly on the tapestries as indicated in the representation of the room of Louis XIV at the <em>Ch\u00e2teau de Fontainebleau <\/em>on the tapestry of <em>The Audience of the legate<\/em> (<em>Tenture de l\u2019Histoire du Roi<\/em>), preserved in the Mus\u00e9e du Louvre. The candlelight supported by the arm of light reflected and shimmered on the plates either left smooth as mirrors or worked, as we can see it here. In the 18<sup>th<\/sup> century, with the multiplication of mirrors in interiors that allowed the light to be reflected, the plates gave way to arms of light placed on either side of the glass overmantels.<\/span>","field":{"ID":617,"key":"field_67e67ebc1f746","label":"Histoire de l'objet","name":"histoire_de_lobjet","aria-label":"","prefix":"acf","type":"wysiwyg","value":null,"menu_order":6,"instructions":"","required":0,"id":"","class":"","conditional_logic":0,"parent":614,"wrapper":{"width":"","class":"","id":""},"default_value":"","allow_in_bindings":0,"tabs":"all","toolbar":"full","media_upload":1,"delay":0,"wpml_cf_preferences":2,"_name":"histoire_de_lobjet","_valid":1}},"bibliographie":{"simple_value_formatted":"<h3 style=\"font-weight: 400\">Bibliography:<\/h3>\n<ul>\n<li style=\"font-weight: 400\">Catherine Arminjon, <em>Quand Versailles \u00e9tait meubl\u00e9 d\u2019argent<\/em>, Versailles, R\u00e9union des Mus\u00e9es Nationaux, 2007.<\/li>\n<\/ul>\n<ul>\n<li style=\"font-weight: 400\">Mich\u00e8le Bimbenet-Privat,\u00a0<em>Les Orf\u00e8vres et l'orf\u00e8vrerie de Paris au XVIIe si\u00e8cle T. I.<\/em>, Paris, Commission des travaux historiques de la ville de Paris, 2002, pp 86-87.<\/li>\n<\/ul>\n<ul>\n<li><span style=\"font-weight: 400\">Nicolas Courtin, <em>L\u2019art d\u2019habiter \u00e0 Paris au XVIIe si\u00e8cle<\/em>, Dijon, \u00c9dition Faton, 2011, pp. 235-236.<\/span><\/li>\n<\/ul>\n","value_formatted":"<h3 style=\"font-weight: 400\">Bibliography:<\/h3>\r\n<ul>\r\n \t<li style=\"font-weight: 400\">Catherine Arminjon, <em>Quand Versailles \u00e9tait meubl\u00e9 d\u2019argent<\/em>, Versailles, R\u00e9union des Mus\u00e9es Nationaux, 2007.<\/li>\r\n<\/ul>\r\n<ul>\r\n \t<li style=\"font-weight: 400\">Mich\u00e8le Bimbenet-Privat,\u00a0<em>Les Orf\u00e8vres et l'orf\u00e8vrerie de Paris au XVIIe si\u00e8cle T. I.<\/em>, Paris, Commission des travaux historiques de la ville de Paris, 2002, pp 86-87.<\/li>\r\n<\/ul>\r\n<ul>\r\n \t<li><span style=\"font-weight: 400\">Nicolas Courtin, <em>L\u2019art d\u2019habiter \u00e0 Paris au XVIIe si\u00e8cle<\/em>, Dijon, \u00c9dition Faton, 2011, pp. 235-236.<\/span><\/li>\r\n<\/ul>","value":"<h3 style=\"font-weight: 400\">Bibliography:<\/h3>\r\n<ul>\r\n \t<li style=\"font-weight: 400\">Catherine Arminjon, <em>Quand Versailles \u00e9tait meubl\u00e9 d\u2019argent<\/em>, Versailles, R\u00e9union des Mus\u00e9es Nationaux, 2007.<\/li>\r\n<\/ul>\r\n<ul>\r\n \t<li style=\"font-weight: 400\">Mich\u00e8le Bimbenet-Privat,\u00a0<em>Les Orf\u00e8vres et l'orf\u00e8vrerie de Paris au XVIIe si\u00e8cle T. I.<\/em>, Paris, Commission des travaux historiques de la ville de Paris, 2002, pp 86-87.<\/li>\r\n<\/ul>\r\n<ul>\r\n \t<li><span style=\"font-weight: 400\">Nicolas Courtin, <em>L\u2019art d\u2019habiter \u00e0 Paris au XVIIe si\u00e8cle<\/em>, Dijon, \u00c9dition Faton, 2011, pp. 235-236.<\/span><\/li>\r\n<\/ul>","field":{"ID":780,"key":"field_67f660ee47359","label":"Bibliographie","name":"bibliographie","aria-label":"","prefix":"acf","type":"wysiwyg","value":null,"menu_order":7,"instructions":"","required":0,"id":"","class":"","conditional_logic":0,"parent":614,"wrapper":{"width":"","class":"","id":""},"wp-typography":"content","default_value":"","tabs":"all","toolbar":"full","media_upload":1,"delay":0,"wpml_cf_preferences":2,"_name":"bibliographie","_valid":1}},"etat_de_lobjet":{"simple_value_formatted":"","value_formatted":"","value":"","field":{"ID":618,"key":"field_67e67ee61f747","label":"\u00c9tat de l'objet","name":"etat_de_lobjet","aria-label":"","prefix":"acf","type":"wysiwyg","value":null,"menu_order":8,"instructions":"","required":0,"id":"","class":"","conditional_logic":0,"parent":614,"wrapper":{"width":"","class":"","id":""},"default_value":"","allow_in_bindings":0,"tabs":"all","toolbar":"full","media_upload":1,"delay":0,"wpml_cf_preferences":2,"_name":"etat_de_lobjet","_valid":1}},"informations_complementaires":{"simple_value_formatted":"","value_formatted":"","value":"","field":{"ID":619,"key":"field_67e67efb1f748","label":"Informations compl\u00e9mentaires","name":"informations_complementaires","aria-label":"","prefix":"acf","type":"wysiwyg","value":null,"menu_order":9,"instructions":"","required":0,"id":"","class":"","conditional_logic":0,"parent":614,"wrapper":{"width":"","class":"","id":""},"default_value":"","allow_in_bindings":0,"tabs":"all","toolbar":"full","media_upload":1,"delay":0,"wpml_cf_preferences":2,"_name":"informations_complementaires","_valid":1}},"":{"simple_value_formatted":"","value_formatted":"","value":"","field":{"ID":785,"key":"field_67f6616f4735e","label":"","name":"","aria-label":"","prefix":"acf","type":"text","value":null,"menu_order":10,"instructions":"","required":0,"id":"","class":"","conditional_logic":0,"parent":614,"wrapper":{"width":"","class":"","id":""},"wp-typography":"title","default_value":"","maxlength":"","placeholder":"","prepend":"","append":"","wpml_cf_preferences":2,"_name":"","_valid":1}}},"mb":[],"mfb_rest_fields":["title"],"_links":{"self":[{"href":"https:\/\/youngcollectors.galerieleage.com\/en\/wp-json\/wp\/v2\/product\/1093","targetHints":{"allow":["GET"]}}],"collection":[{"href":"https:\/\/youngcollectors.galerieleage.com\/en\/wp-json\/wp\/v2\/product"}],"about":[{"href":"https:\/\/youngcollectors.galerieleage.com\/en\/wp-json\/wp\/v2\/types\/product"}],"wp:featuredmedia":[{"embeddable":true,"href":"https:\/\/youngcollectors.galerieleage.com\/en\/wp-json\/wp\/v2\/media\/2437"}],"wp:attachment":[{"href":"https:\/\/youngcollectors.galerieleage.com\/en\/wp-json\/wp\/v2\/media?parent=1093"}],"wp:term":[{"taxonomy":"product_brand","embeddable":true,"href":"https:\/\/youngcollectors.galerieleage.com\/en\/wp-json\/wp\/v2\/product_brand?post=1093"},{"taxonomy":"product_cat","embeddable":true,"href":"https:\/\/youngcollectors.galerieleage.com\/en\/wp-json\/wp\/v2\/product_cat?post=1093"},{"taxonomy":"product_tag","embeddable":true,"href":"https:\/\/youngcollectors.galerieleage.com\/en\/wp-json\/wp\/v2\/product_tag?post=1093"}],"curies":[{"name":"wp","href":"https:\/\/api.w.org\/{rel}","templated":true}]}}