{"id":1100,"date":"2025-04-01T16:15:32","date_gmt":"2025-04-01T14:15:32","guid":{"rendered":"https:\/\/youngcollectors.galerieleage.com\/?post_type=product&#038;p=1100"},"modified":"2025-05-22T13:07:09","modified_gmt":"2025-05-22T11:07:09","slug":"clock-love-messenger","status":"publish","type":"product","link":"https:\/\/youngcollectors.galerieleage.com\/en\/object\/clock-love-messenger\/","title":{"rendered":"Clock with messenger Love"},"content":{"rendered":"","protected":false},"excerpt":{"rendered":"","protected":false},"featured_media":956,"template":"","meta":{"_acf_changed":false,"wp_typography_post_enhancements_disabled":false,"_yc_description_objet":"","_yc_histoire_objet":"","_yc_etat_objet":""},"product_brand":[],"product_cat":[],"product_tag":[],"class_list":{"0":"post-1100","1":"product","2":"type-product","3":"status-publish","4":"has-post-thumbnail","7":"first","8":"instock","9":"sold-individually","10":"taxable","11":"shipping-taxable","12":"purchasable","13":"product-type-simple"},"acf":{"cartel":{"simple_value_formatted":"<p style=\"font-weight: 400;text-align: center\">France, Louis <span style=\"font-variant: small-caps\">xvi<\/span> period<\/p>\n<p style=\"font-weight: 400;text-align: center\">The dial is enamelled and signed \u00ab <em>Gille L\u2019ain\u00e9 \u00e0 Paris<\/em>\u00a0\u00bb<\/p>\n<p style=\"font-weight: 400;text-align: center\">Chased and gilt bronze<\/p>\n<p style=\"text-align: center\">Black marble<\/p>\n","value_formatted":"<p style=\"font-weight: 400;text-align: center\">France, Louis <span style=\"font-variant: small-caps\">xvi<\/span> period<\/p>\r\n<p style=\"font-weight: 400;text-align: center\">The dial is enamelled and signed \u00ab <em>Gille L\u2019ain\u00e9 \u00e0 Paris<\/em>\u00a0\u00bb<\/p>\r\n<p style=\"font-weight: 400;text-align: center\">Chased and gilt bronze<\/p>\r\n<p style=\"text-align: center\">Black marble<\/p>","value":"<p style=\"font-weight: 400;text-align: center\">France, Louis <span style=\"font-variant: small-caps\">xvi<\/span> period<\/p>\r\n<p style=\"font-weight: 400;text-align: center\">The dial is enamelled and signed \u00ab <em>Gille L\u2019ain\u00e9 \u00e0 Paris<\/em>\u00a0\u00bb<\/p>\r\n<p style=\"font-weight: 400;text-align: center\">Chased and gilt bronze<\/p>\r\n<p style=\"text-align: center\">Black marble<\/p>","field":{"ID":781,"key":"field_67f661144735a","label":"Cartel","name":"cartel","aria-label":"","prefix":"acf","type":"wysiwyg","value":null,"menu_order":0,"instructions":"","required":0,"id":"","class":"","conditional_logic":0,"parent":614,"wrapper":{"width":"","class":"","id":""},"wp-typography":"content","default_value":"","tabs":"all","toolbar":"full","media_upload":1,"delay":0,"wpml_cf_preferences":2,"_name":"cartel","_valid":1}},"dimensions":{"simple_value_formatted":"<p>&nbsp;<\/p>\n<p style=\"font-weight: 400;text-align: center\">Height: 35 cm \u2013 13 \u00be inches<\/p>\n<p style=\"font-weight: 400;text-align: center\">Width: 31 cm \u2013 12 inches<\/p>\n<p style=\"font-weight: 400;text-align: center\">Depth: 16 cm \u2013 6 \u00bc inches<\/p>\n<p>&nbsp;<\/p>\n<p>&nbsp;<\/p>\n","value_formatted":"&nbsp;\r\n<p style=\"font-weight: 400;text-align: center\">Height: 35 cm \u2013 13 \u00be inches<\/p>\r\n<p style=\"font-weight: 400;text-align: center\">Width: 31 cm \u2013 12 inches<\/p>\r\n<p style=\"font-weight: 400;text-align: center\">Depth: 16 cm \u2013 6 \u00bc inches<\/p>\r\n&nbsp;\r\n\r\n&nbsp;","value":"&nbsp;\r\n<p style=\"font-weight: 400;text-align: center\">Height: 35 cm \u2013 13 \u00be inches<\/p>\r\n<p style=\"font-weight: 400;text-align: center\">Width: 31 cm \u2013 12 inches<\/p>\r\n<p style=\"font-weight: 400;text-align: center\">Depth: 16 cm \u2013 6 \u00bc inches<\/p>\r\n&nbsp;\r\n\r\n&nbsp;","field":{"ID":782,"key":"field_67f661254735b","label":"Dimensions","name":"dimensions","aria-label":"","prefix":"acf","type":"wysiwyg","value":null,"menu_order":1,"instructions":"","required":0,"id":"","class":"","conditional_logic":0,"parent":614,"wrapper":{"width":"","class":"","id":""},"wpml_cf_preferences":2,"wp-typography":"content","default_value":"","tabs":"all","toolbar":"full","media_upload":1,"delay":0,"_name":"dimensions","_valid":1}},"exemples_comparables":{"simple_value_formatted":"","value_formatted":"","value":"","field":{"ID":783,"key":"field_67f661484735c","label":"Exemples comparables","name":"exemples_comparables","aria-label":"","prefix":"acf","type":"wysiwyg","value":null,"menu_order":2,"instructions":"","required":0,"id":"","class":"","conditional_logic":0,"parent":614,"wrapper":{"width":"","class":"","id":""},"wp-typography":"content","default_value":"","tabs":"all","toolbar":"full","media_upload":1,"delay":0,"wpml_cf_preferences":2,"_name":"exemples_comparables","_valid":1}},"exemples_vraisemblablement_identiques":{"simple_value_formatted":"","value_formatted":"","value":"","field":{"ID":786,"key":"field_67f662067360c","label":"Exemples vraisemblablement identiques","name":"exemples_vraisemblablement_identiques","aria-label":"","prefix":"acf","type":"wysiwyg","value":null,"menu_order":3,"instructions":"","required":0,"id":"","class":"","conditional_logic":0,"parent":614,"wrapper":{"width":"","class":"","id":""},"wp-typography":"content","default_value":"","tabs":"all","toolbar":"full","media_upload":1,"delay":0,"wpml_cf_preferences":2,"_name":"exemples_vraisemblablement_identiques","_valid":1}},"publications":{"simple_value_formatted":"","value_formatted":"","value":"","field":{"ID":784,"key":"field_67f661604735d","label":"Publications","name":"publications","aria-label":"","prefix":"acf","type":"wysiwyg","value":null,"menu_order":4,"instructions":"","required":0,"id":"","class":"","conditional_logic":0,"parent":614,"wrapper":{"width":"","class":"","id":""},"wp-typography":"content","default_value":"","tabs":"all","toolbar":"full","media_upload":1,"delay":0,"wpml_cf_preferences":2,"_name":"publications","_valid":1}},"description_de_lobjet":{"simple_value_formatted":"<p style=\"font-weight: 400\">This desk clock, in chased and gilt bronze, represents a winged Eros petting one of the birds of a dove\u2019s couple. Wearing a winged helmet, wings are also attached to his ankles with the help of laces, as well as a quiver to his right arm. He emerges from a cloud in front of which stands a white enamelled dial framed with a traceries frieze and surmounted by a garland of flowers, with Roman numbers for the hours and Arabic for the minutes. It is signed \u00ab\u00a0Gille L\u2019ain\u00e9 \u00e0 Paris\u00a0\u00bb.<\/p>\n<p><span style=\"font-weight: 400\">The overall rests on four feet of gilt bronze as well as a double plinth with a border adorned of a rosette in the centre, framed with a groove and surmounted of a second frieze with heart stripes pattern. This base rests on a counter base of black marble adorned of chased and gilt bronze with traceries embellished by leaves, discontinued with a diamond tip motif.<\/span><\/p>\n","value_formatted":"<p style=\"font-weight: 400\">This desk clock, in chased and gilt bronze, represents a winged Eros petting one of the birds of a dove\u2019s couple. Wearing a winged helmet, wings are also attached to his ankles with the help of laces, as well as a quiver to his right arm. He emerges from a cloud in front of which stands a white enamelled dial framed with a traceries frieze and surmounted by a garland of flowers, with Roman numbers for the hours and Arabic for the minutes. It is signed \u00ab\u00a0Gille L\u2019ain\u00e9 \u00e0 Paris\u00a0\u00bb.<\/p>\r\n<span style=\"font-weight: 400\">The overall rests on four feet of gilt bronze as well as a double plinth with a border adorned of a rosette in the centre, framed with a groove and surmounted of a second frieze with heart stripes pattern. This base rests on a counter base of black marble adorned of chased and gilt bronze with traceries embellished by leaves, discontinued with a diamond tip motif.<\/span>","value":"<p style=\"font-weight: 400\">This desk clock, in chased and gilt bronze, represents a winged Eros petting one of the birds of a dove\u2019s couple. Wearing a winged helmet, wings are also attached to his ankles with the help of laces, as well as a quiver to his right arm. He emerges from a cloud in front of which stands a white enamelled dial framed with a traceries frieze and surmounted by a garland of flowers, with Roman numbers for the hours and Arabic for the minutes. It is signed \u00ab\u00a0Gille L\u2019ain\u00e9 \u00e0 Paris\u00a0\u00bb.<\/p>\r\n<span style=\"font-weight: 400\">The overall rests on four feet of gilt bronze as well as a double plinth with a border adorned of a rosette in the centre, framed with a groove and surmounted of a second frieze with heart stripes pattern. This base rests on a counter base of black marble adorned of chased and gilt bronze with traceries embellished by leaves, discontinued with a diamond tip motif.<\/span>","field":{"ID":615,"key":"field_67e67d7bae7bc","label":"Description de l'objet","name":"description_de_lobjet","aria-label":"","prefix":"acf","type":"wysiwyg","value":null,"menu_order":5,"instructions":"","required":0,"id":"","class":"","conditional_logic":0,"parent":614,"wrapper":{"width":"","class":"","id":""},"default_value":"","tabs":"all","toolbar":"full","media_upload":1,"delay":0,"wpml_cf_preferences":2,"_name":"description_de_lobjet","_valid":1}},"histoire_de_lobjet":{"simple_value_formatted":"<h3 style=\"font-weight: 400\">The theme of love<\/h3>\n<p style=\"font-weight: 400\">The second half of the 18<sup>th<\/sup> century was marked by a strong craze for the theme of love, often treated by the most famous sculptors of the period such as Jean-Baptiste Pigalle, \u00c9tienne Maurice Falconet, Augustin Pajou, Jean-Jacques Caffieri or Louis-Simon Boizot and Claude-Michel Clodion. This theme is also very present in the decorative arts. Indeed, some famous sculptors regularly provided models to the bronze-makers which were then integrated into artworks like here.<\/p>\n<p style=\"font-weight: 400\">In the 18<sup>th<\/sup> century, particularly during the reign of Louis <span style=\"font-variant: small-caps\">xvi<\/span>, there are a large number of clocks adorned with one or more figures of small <em>putti<\/em> such as here, the presence of attributes enabling to reveal the main idea of the author of the model.<strong>\u00a0<\/strong><\/p>\n<h3 style=\"font-weight: 400\">A representation of the messenger Love<\/h3>\n<p style=\"font-weight: 400\">The principal motif of this clock seems to make the synthesis of the depiction of Mercure and Cupid. Indeed, the presence of a winged helmet and of laces attached to his ankles make a direct reference to the traditional representation of Mercure. God of the thieves and of travels, he is also the messenger of the other gods, which is evoked here.<\/p>\n<p style=\"font-weight: 400\">Moreover, he wears a quiver attached to his right arm, attribute traditionally associated to Cupid, son of Venus and Mars (of the latin <em>cupido,<\/em> \u201cdesire\u201d) in the Roman mythology. Devoted servitor of his mother, this motif makes reference to the legend which, according to the mythology, wanted that anyone who touched the arrows of Cupid, falls in love. It is associated to a couple of doves which left animal he pets. The representation of these birds confirms this theme, because they are in association to Venus, which they were reputed, pulling the chariot.<\/p>\n","value_formatted":"<h3 style=\"font-weight: 400\">The theme of love<\/h3>\r\n<p style=\"font-weight: 400\">The second half of the 18<sup>th<\/sup> century was marked by a strong craze for the theme of love, often treated by the most famous sculptors of the period such as Jean-Baptiste Pigalle, \u00c9tienne Maurice Falconet, Augustin Pajou, Jean-Jacques Caffieri or Louis-Simon Boizot and Claude-Michel Clodion. This theme is also very present in the decorative arts. Indeed, some famous sculptors regularly provided models to the bronze-makers which were then integrated into artworks like here.<\/p>\r\n<p style=\"font-weight: 400\">In the 18<sup>th<\/sup> century, particularly during the reign of Louis <span style=\"font-variant: small-caps\">xvi<\/span>, there are a large number of clocks adorned with one or more figures of small <em>putti<\/em> such as here, the presence of attributes enabling to reveal the main idea of the author of the model.<strong>\u00a0<\/strong><\/p>\r\n\r\n<h3 style=\"font-weight: 400\">A representation of the messenger Love<\/h3>\r\n<p style=\"font-weight: 400\">The principal motif of this clock seems to make the synthesis of the depiction of Mercure and Cupid. Indeed, the presence of a winged helmet and of laces attached to his ankles make a direct reference to the traditional representation of Mercure. God of the thieves and of travels, he is also the messenger of the other gods, which is evoked here.<\/p>\r\n<p style=\"font-weight: 400\">Moreover, he wears a quiver attached to his right arm, attribute traditionally associated to Cupid, son of Venus and Mars (of the latin <em>cupido,<\/em> \u201cdesire\u201d) in the Roman mythology. Devoted servitor of his mother, this motif makes reference to the legend which, according to the mythology, wanted that anyone who touched the arrows of Cupid, falls in love. It is associated to a couple of doves which left animal he pets. The representation of these birds confirms this theme, because they are in association to Venus, which they were reputed, pulling the chariot.<\/p>","value":"<h3 style=\"font-weight: 400\">The theme of love<\/h3>\r\n<p style=\"font-weight: 400\">The second half of the 18<sup>th<\/sup> century was marked by a strong craze for the theme of love, often treated by the most famous sculptors of the period such as Jean-Baptiste Pigalle, \u00c9tienne Maurice Falconet, Augustin Pajou, Jean-Jacques Caffieri or Louis-Simon Boizot and Claude-Michel Clodion. This theme is also very present in the decorative arts. Indeed, some famous sculptors regularly provided models to the bronze-makers which were then integrated into artworks like here.<\/p>\r\n<p style=\"font-weight: 400\">In the 18<sup>th<\/sup> century, particularly during the reign of Louis <span style=\"font-variant: small-caps\">xvi<\/span>, there are a large number of clocks adorned with one or more figures of small <em>putti<\/em> such as here, the presence of attributes enabling to reveal the main idea of the author of the model.<strong>\u00a0<\/strong><\/p>\r\n\r\n<h3 style=\"font-weight: 400\">A representation of the messenger Love<\/h3>\r\n<p style=\"font-weight: 400\">The principal motif of this clock seems to make the synthesis of the depiction of Mercure and Cupid. Indeed, the presence of a winged helmet and of laces attached to his ankles make a direct reference to the traditional representation of Mercure. God of the thieves and of travels, he is also the messenger of the other gods, which is evoked here.<\/p>\r\n<p style=\"font-weight: 400\">Moreover, he wears a quiver attached to his right arm, attribute traditionally associated to Cupid, son of Venus and Mars (of the latin <em>cupido,<\/em> \u201cdesire\u201d) in the Roman mythology. Devoted servitor of his mother, this motif makes reference to the legend which, according to the mythology, wanted that anyone who touched the arrows of Cupid, falls in love. It is associated to a couple of doves which left animal he pets. The representation of these birds confirms this theme, because they are in association to Venus, which they were reputed, pulling the chariot.<\/p>","field":{"ID":617,"key":"field_67e67ebc1f746","label":"Histoire de l'objet","name":"histoire_de_lobjet","aria-label":"","prefix":"acf","type":"wysiwyg","value":null,"menu_order":6,"instructions":"","required":0,"id":"","class":"","conditional_logic":0,"parent":614,"wrapper":{"width":"","class":"","id":""},"default_value":"","allow_in_bindings":0,"tabs":"all","toolbar":"full","media_upload":1,"delay":0,"wpml_cf_preferences":2,"_name":"histoire_de_lobjet","_valid":1}},"bibliographie":{"simple_value_formatted":"<h3 style=\"font-weight: 400\">Bibliography<\/h3>\n<ul>\n<li style=\"font-weight: 400\">Pierre Kjellberg,\u00a0<em>Encyclop\u00e9die de la pendule fran\u00e7aise du Moyen \u00c2ge au <span style=\"font-variant: small-caps\">xx<\/span><sup>e<\/sup> si\u00e8cle<\/em>, Paris, Les \u00c9ditions de l\u2019amateur, 1997.<\/li>\n<\/ul>\n<ul>\n<li style=\"font-weight: 400\">Elke Nieh\u00fcser,\u00a0<em>French Bronze Clocks,<\/em> Atglen, Schiffer, 1999.<\/li>\n<\/ul>\n<ul>\n<li style=\"font-weight: 400\">Hans Ottomeyer et Peter Pr\u00f6schel,\u00a0<em>Vergoldete Bronzen, Die Bronzearbeiten des Sp\u00e4tbarock und Klassizismus<\/em>, Munich, Klinkhardt &amp; Biermann, 1986, p.162.<\/li>\n<\/ul>\n<ul>\n<li style=\"font-weight: 400\">Tardy,\u00a0<em>La pendule fran\u00e7aise dans le monde,<\/em> Paris, Tardy, 1994 (7e \u00e9dition revue et compl\u00e9t\u00e9e).<\/li>\n<\/ul>\n<ul>\n<li style=\"font-weight: 400\">Pierre Verlet,\u00a0<em>Les Bronzes dor\u00e9s du <span style=\"font-variant: small-caps\">xviii<\/span><sup>e<\/sup> si\u00e8cle<\/em>, Paris, Picard, 1999 (2e \u00e9dition).<\/li>\n<\/ul>\n","value_formatted":"<h3 style=\"font-weight: 400\">Bibliography<\/h3>\r\n<ul>\r\n \t<li style=\"font-weight: 400\">Pierre Kjellberg,\u00a0<em>Encyclop\u00e9die de la pendule fran\u00e7aise du Moyen \u00c2ge au <span style=\"font-variant: small-caps\">xx<\/span><sup>e<\/sup> si\u00e8cle<\/em>, Paris, Les \u00c9ditions de l\u2019amateur, 1997.<\/li>\r\n<\/ul>\r\n<ul>\r\n \t<li style=\"font-weight: 400\">Elke Nieh\u00fcser,\u00a0<em>French Bronze Clocks,<\/em> Atglen, Schiffer, 1999.<\/li>\r\n<\/ul>\r\n<ul>\r\n \t<li style=\"font-weight: 400\">Hans Ottomeyer et Peter Pr\u00f6schel,\u00a0<em>Vergoldete Bronzen, Die Bronzearbeiten des Sp\u00e4tbarock und Klassizismus<\/em>, Munich, Klinkhardt &amp; Biermann, 1986, p.162.<\/li>\r\n<\/ul>\r\n<ul>\r\n \t<li style=\"font-weight: 400\">Tardy,\u00a0<em>La pendule fran\u00e7aise dans le monde,<\/em> Paris, Tardy, 1994 (7e \u00e9dition revue et compl\u00e9t\u00e9e).<\/li>\r\n<\/ul>\r\n<ul>\r\n \t<li style=\"font-weight: 400\">Pierre Verlet,\u00a0<em>Les Bronzes dor\u00e9s du <span style=\"font-variant: small-caps\">xviii<\/span><sup>e<\/sup> si\u00e8cle<\/em>, Paris, Picard, 1999 (2e \u00e9dition).<\/li>\r\n<\/ul>","value":"<h3 style=\"font-weight: 400\">Bibliography<\/h3>\r\n<ul>\r\n \t<li style=\"font-weight: 400\">Pierre Kjellberg,\u00a0<em>Encyclop\u00e9die de la pendule fran\u00e7aise du Moyen \u00c2ge au <span style=\"font-variant: small-caps\">xx<\/span><sup>e<\/sup> si\u00e8cle<\/em>, Paris, Les \u00c9ditions de l\u2019amateur, 1997.<\/li>\r\n<\/ul>\r\n<ul>\r\n \t<li style=\"font-weight: 400\">Elke Nieh\u00fcser,\u00a0<em>French Bronze Clocks,<\/em> Atglen, Schiffer, 1999.<\/li>\r\n<\/ul>\r\n<ul>\r\n \t<li style=\"font-weight: 400\">Hans Ottomeyer et Peter Pr\u00f6schel,\u00a0<em>Vergoldete Bronzen, Die Bronzearbeiten des Sp\u00e4tbarock und Klassizismus<\/em>, Munich, Klinkhardt &amp; Biermann, 1986, p.162.<\/li>\r\n<\/ul>\r\n<ul>\r\n \t<li style=\"font-weight: 400\">Tardy,\u00a0<em>La pendule fran\u00e7aise dans le monde,<\/em> Paris, Tardy, 1994 (7e \u00e9dition revue et compl\u00e9t\u00e9e).<\/li>\r\n<\/ul>\r\n<ul>\r\n \t<li style=\"font-weight: 400\">Pierre Verlet,\u00a0<em>Les Bronzes dor\u00e9s du <span style=\"font-variant: small-caps\">xviii<\/span><sup>e<\/sup> si\u00e8cle<\/em>, Paris, Picard, 1999 (2e \u00e9dition).<\/li>\r\n<\/ul>","field":{"ID":780,"key":"field_67f660ee47359","label":"Bibliographie","name":"bibliographie","aria-label":"","prefix":"acf","type":"wysiwyg","value":null,"menu_order":7,"instructions":"","required":0,"id":"","class":"","conditional_logic":0,"parent":614,"wrapper":{"width":"","class":"","id":""},"wp-typography":"content","default_value":"","tabs":"all","toolbar":"full","media_upload":1,"delay":0,"wpml_cf_preferences":2,"_name":"bibliographie","_valid":1}},"etat_de_lobjet":{"simple_value_formatted":"","value_formatted":"","value":"","field":{"ID":618,"key":"field_67e67ee61f747","label":"\u00c9tat de l'objet","name":"etat_de_lobjet","aria-label":"","prefix":"acf","type":"wysiwyg","value":null,"menu_order":8,"instructions":"","required":0,"id":"","class":"","conditional_logic":0,"parent":614,"wrapper":{"width":"","class":"","id":""},"default_value":"","allow_in_bindings":0,"tabs":"all","toolbar":"full","media_upload":1,"delay":0,"wpml_cf_preferences":2,"_name":"etat_de_lobjet","_valid":1}},"informations_complementaires":{"simple_value_formatted":"","value_formatted":"","value":"","field":{"ID":619,"key":"field_67e67efb1f748","label":"Informations compl\u00e9mentaires","name":"informations_complementaires","aria-label":"","prefix":"acf","type":"wysiwyg","value":null,"menu_order":9,"instructions":"","required":0,"id":"","class":"","conditional_logic":0,"parent":614,"wrapper":{"width":"","class":"","id":""},"default_value":"","allow_in_bindings":0,"tabs":"all","toolbar":"full","media_upload":1,"delay":0,"wpml_cf_preferences":2,"_name":"informations_complementaires","_valid":1}},"":{"simple_value_formatted":"","value_formatted":"","value":"","field":{"ID":785,"key":"field_67f6616f4735e","label":"","name":"","aria-label":"","prefix":"acf","type":"text","value":null,"menu_order":10,"instructions":"","required":0,"id":"","class":"","conditional_logic":0,"parent":614,"wrapper":{"width":"","class":"","id":""},"wp-typography":"title","default_value":"","maxlength":"","placeholder":"","prepend":"","append":"","wpml_cf_preferences":2,"_name":"","_valid":1}}},"mb":[],"mfb_rest_fields":["title"],"_links":{"self":[{"href":"https:\/\/youngcollectors.galerieleage.com\/en\/wp-json\/wp\/v2\/product\/1100","targetHints":{"allow":["GET"]}}],"collection":[{"href":"https:\/\/youngcollectors.galerieleage.com\/en\/wp-json\/wp\/v2\/product"}],"about":[{"href":"https:\/\/youngcollectors.galerieleage.com\/en\/wp-json\/wp\/v2\/types\/product"}],"wp:featuredmedia":[{"embeddable":true,"href":"https:\/\/youngcollectors.galerieleage.com\/en\/wp-json\/wp\/v2\/media\/956"}],"wp:attachment":[{"href":"https:\/\/youngcollectors.galerieleage.com\/en\/wp-json\/wp\/v2\/media?parent=1100"}],"wp:term":[{"taxonomy":"product_brand","embeddable":true,"href":"https:\/\/youngcollectors.galerieleage.com\/en\/wp-json\/wp\/v2\/product_brand?post=1100"},{"taxonomy":"product_cat","embeddable":true,"href":"https:\/\/youngcollectors.galerieleage.com\/en\/wp-json\/wp\/v2\/product_cat?post=1100"},{"taxonomy":"product_tag","embeddable":true,"href":"https:\/\/youngcollectors.galerieleage.com\/en\/wp-json\/wp\/v2\/product_tag?post=1100"}],"curies":[{"name":"wp","href":"https:\/\/api.w.org\/{rel}","templated":true}]}}