{"id":1110,"date":"2025-04-01T16:15:18","date_gmt":"2025-04-01T14:15:18","guid":{"rendered":"https:\/\/youngcollectors.galerieleage.com\/?post_type=product&#038;p=1110"},"modified":"2025-05-17T09:44:27","modified_gmt":"2025-05-17T07:44:27","slug":"pair-of-tripod-etruscan-candlestick","status":"publish","type":"product","link":"https:\/\/youngcollectors.galerieleage.com\/en\/object\/pair-of-tripod-etruscan-candlestick\/","title":{"rendered":"Pair of tripod etruscan candlestick"},"content":{"rendered":"","protected":false},"excerpt":{"rendered":"","protected":false},"featured_media":875,"template":"","meta":{"_acf_changed":false,"wp_typography_post_enhancements_disabled":false,"_yc_description_objet":"","_yc_histoire_objet":"","_yc_etat_objet":""},"product_brand":[],"product_cat":[],"product_tag":[],"class_list":{"0":"post-1110","1":"product","2":"type-product","3":"status-publish","4":"has-post-thumbnail","7":"first","8":"instock","9":"sold-individually","10":"taxable","11":"shipping-taxable","12":"purchasable","13":"product-type-simple"},"acf":{"cartel":{"simple_value_formatted":"<p style=\"font-weight: 400;text-align: center\">France, late 18<sup>th<\/sup> century<\/p>\n<p style=\"font-weight: 400;text-align: center\">Chased, patinated and gilt bronze<\/p>\n","value_formatted":"<p style=\"font-weight: 400;text-align: center\">France, late 18<sup>th<\/sup> century<\/p>\r\n<p style=\"font-weight: 400;text-align: center\">Chased, patinated and gilt bronze<\/p>","value":"<p style=\"font-weight: 400;text-align: center\">France, late 18<sup>th<\/sup> century<\/p>\r\n<p style=\"font-weight: 400;text-align: center\">Chased, patinated and gilt bronze<\/p>","field":{"ID":781,"key":"field_67f661144735a","label":"Cartel","name":"cartel","aria-label":"","prefix":"acf","type":"wysiwyg","value":null,"menu_order":0,"instructions":"","required":0,"id":"","class":"","conditional_logic":0,"parent":614,"wrapper":{"width":"","class":"","id":""},"wp-typography":"content","default_value":"","tabs":"all","toolbar":"full","media_upload":1,"delay":0,"wpml_cf_preferences":2,"_name":"cartel","_valid":1}},"dimensions":{"simple_value_formatted":"<p style=\"font-weight: 400;text-align: center\">Height: 25,2 cm \u2013 9 \u00be inches<\/p>\n<p style=\"font-weight: 400;text-align: center\">Depth: 10,5 cm \u2013 4 inches<\/p>\n","value_formatted":"<p style=\"font-weight: 400;text-align: center\">Height: 25,2 cm \u2013 9 \u00be inches<\/p>\r\n<p style=\"font-weight: 400;text-align: center\">Depth: 10,5 cm \u2013 4 inches<\/p>","value":"<p style=\"font-weight: 400;text-align: center\">Height: 25,2 cm \u2013 9 \u00be inches<\/p>\r\n<p style=\"font-weight: 400;text-align: center\">Depth: 10,5 cm \u2013 4 inches<\/p>","field":{"ID":782,"key":"field_67f661254735b","label":"Dimensions","name":"dimensions","aria-label":"","prefix":"acf","type":"wysiwyg","value":null,"menu_order":1,"instructions":"","required":0,"id":"","class":"","conditional_logic":0,"parent":614,"wrapper":{"width":"","class":"","id":""},"wpml_cf_preferences":2,"wp-typography":"content","default_value":"","tabs":"all","toolbar":"full","media_upload":1,"delay":0,"_name":"dimensions","_valid":1}},"exemples_comparables":{"simple_value_formatted":"","value_formatted":"","value":"","field":{"ID":783,"key":"field_67f661484735c","label":"Exemples comparables","name":"exemples_comparables","aria-label":"","prefix":"acf","type":"wysiwyg","value":null,"menu_order":2,"instructions":"","required":0,"id":"","class":"","conditional_logic":0,"parent":614,"wrapper":{"width":"","class":"","id":""},"wp-typography":"content","default_value":"","tabs":"all","toolbar":"full","media_upload":1,"delay":0,"wpml_cf_preferences":2,"_name":"exemples_comparables","_valid":1}},"exemples_vraisemblablement_identiques":{"simple_value_formatted":"","value_formatted":"","value":"","field":{"ID":786,"key":"field_67f662067360c","label":"Exemples vraisemblablement identiques","name":"exemples_vraisemblablement_identiques","aria-label":"","prefix":"acf","type":"wysiwyg","value":null,"menu_order":3,"instructions":"","required":0,"id":"","class":"","conditional_logic":0,"parent":614,"wrapper":{"width":"","class":"","id":""},"wp-typography":"content","default_value":"","tabs":"all","toolbar":"full","media_upload":1,"delay":0,"wpml_cf_preferences":2,"_name":"exemples_vraisemblablement_identiques","_valid":1}},"publications":{"simple_value_formatted":"","value_formatted":"","value":"","field":{"ID":784,"key":"field_67f661604735d","label":"Publications","name":"publications","aria-label":"","prefix":"acf","type":"wysiwyg","value":null,"menu_order":4,"instructions":"","required":0,"id":"","class":"","conditional_logic":0,"parent":614,"wrapper":{"width":"","class":"","id":""},"wp-typography":"content","default_value":"","tabs":"all","toolbar":"full","media_upload":1,"delay":0,"wpml_cf_preferences":2,"_name":"publications","_valid":1}},"description_de_lobjet":{"simple_value_formatted":"<p>&nbsp;<\/p>\n<p style=\"font-weight: 400\">The slightly oblong, patinated bronze central barrel is decorated in its centre with chased and gilt bronze motifs: twisted flutes, rows of small pearls and pinecone at the end.<\/p>\n<p><span style=\"font-weight: 400\">The barrel is part of a tripod mount in chased and gilt bronze, presenting female heads with bezels in the upper part and ending with deer feet. It rests on a round counter-base, openworked in its centre where rests a gilt bronze leaf. The lower round base is made of gilt bronze.<\/span><\/p>\n","value_formatted":"&nbsp;\r\n<p style=\"font-weight: 400\">The slightly oblong, patinated bronze central barrel is decorated in its centre with chased and gilt bronze motifs: twisted flutes, rows of small pearls and pinecone at the end.<\/p>\r\n<span style=\"font-weight: 400\">The barrel is part of a tripod mount in chased and gilt bronze, presenting female heads with bezels in the upper part and ending with deer feet. It rests on a round counter-base, openworked in its centre where rests a gilt bronze leaf. The lower round base is made of gilt bronze.<\/span>","value":"&nbsp;\r\n<p style=\"font-weight: 400\">The slightly oblong, patinated bronze central barrel is decorated in its centre with chased and gilt bronze motifs: twisted flutes, rows of small pearls and pinecone at the end.<\/p>\r\n<span style=\"font-weight: 400\">The barrel is part of a tripod mount in chased and gilt bronze, presenting female heads with bezels in the upper part and ending with deer feet. It rests on a round counter-base, openworked in its centre where rests a gilt bronze leaf. The lower round base is made of gilt bronze.<\/span>","field":{"ID":615,"key":"field_67e67d7bae7bc","label":"Description de l'objet","name":"description_de_lobjet","aria-label":"","prefix":"acf","type":"wysiwyg","value":null,"menu_order":5,"instructions":"","required":0,"id":"","class":"","conditional_logic":0,"parent":614,"wrapper":{"width":"","class":"","id":""},"default_value":"","tabs":"all","toolbar":"full","media_upload":1,"delay":0,"wpml_cf_preferences":2,"_name":"description_de_lobjet","_valid":1}},"histoire_de_lobjet":{"simple_value_formatted":"<h3 style=\"font-weight: 400\">The reference to Antiquity<\/h3>\n<p style=\"font-weight: 400\">From the middle of the 18<sup>th<\/sup> century, the opening of the <em>Grand Tour<\/em> allowed a large number of architects, painters and sculptors to come into direct contact with the remains of Antiquity. Combining their artistic sensibility with a scientific method, they visited the antic site and studied the monuments, carrying out excavations and making meticulous records.<\/p>\n<p style=\"font-weight: 400\">They then shared the results of their works through scholarly publications. Among the available archaeological sources, ancient Greek architectural models from both the metropolis (mainland Greece) and its colonies in Asia Minor, southern Italy (Paestum) and Sicily, as well as ancient Greek ceramics (commonly known as Etruscan), hold a dominant place.<\/p>\n<p style=\"font-weight: 400\">The direct association between source of inspiration and original creation is evoked both by the nomenclature of the decoration of the period (\u201c<em>\u00e0 la grecque<\/em>\u201d, \u201c<em>grec<\/em>\u201d, \u201c<em>genre \u00e9trusque<\/em>\u201d) and by the progressive appropriation of their forms.<\/p>\n<p style=\"font-weight: 400\">This model of candlestick thus illustrates the decorative vogue encountered at the very end of the 18<sup>th<\/sup> century and yet announces the Empire style. Outcome of the Louis XVI style, the use of the tripod shape and animal paws feet is characteristic of this period and refers directly to the ancient artworks discovered during the excavations carried out at Herculaneum (House of the Cervi) and Pompeii. This form of feet, inspired by deer\u2019s feet, was in fact available in all decorative arts.<\/p>\n<h3 style=\"font-weight: 400\">Jean-Demosth\u00e8ne Dugourc (1749-1825)<\/h3>\n<p style=\"font-weight: 400\">The development of a new style, in which Antiquity is treated in a more archaeological manner than before, owes much to the role or ornamentalists such as Jean-Demosth\u00e8ne Dugourc. The designs of the ornamentalist were indeed able to provide sources of inspiration for the bronze-maker who made these candlesticks.<\/p>\n<p style=\"font-weight: 400\">In the service of the Duke of Orleans, the father of Jean-Demosth\u00e8ne Dugourc had an honourable fortune which enabled his son to share the studies of the Duke of Chartres. At the age of 15, in 1764, Jean-Demosth\u00e8ne Dugourc made a short stay in Rome, where he discovered Antiquity, while he was attached to the embassy of the Count of Cani.<\/p>\n<p style=\"font-weight: 400\">Thanks to his marriage with the sister of Fran\u00e7ois-Joseph B\u00e9langer, architect to the Count of Artois (future Charles X), Jean-Demosth\u00e8ne Dugourc became Monsieur\u2019s draughtsman. In 1784, he was appointed draughtsman of the <em>Garde-Meuble de la Couronne<\/em> and intendant of Monsieur\u2019s buildings. Quickly known throughout Europe, he was commissioned to draw for the King of Sweden, the Grand Duke of Russia Paul I and Empress Catherine II.<\/p>\n<p style=\"font-weight: 400\">Early contributor to the return of neoclassical taste with his arabesque drawings and interiors in the Etruscan style, he published six engraved arabesque plates, which he was the first to introduce into architecture as well as furniture, drapery and fabrics.<\/p>\n<p style=\"font-weight: 400\">However, the revolution put an end to his prestigious commissions: Jean-Demosth\u00e8ne Dugourc then worked for a wallpaper manufacture where he invented models for playing cards or letterheads.<\/p>\n<p style=\"font-weight: 400\">In 1799, he moved to Spain to work for the Casa del Labrador in Aranjuez, one of the residences of the royal family, as well as for the Duchesses of Alba and Osuna.<\/p>\n<p style=\"font-weight: 400\">Jean-Demosth\u00e8ne Dugourc returned to France in 1814: the ascension to the throne of his former mentor, becoming Charles X, restored his title of draughtsman of the <em>Garde-Meuble<\/em> until his death in 1825.<\/p>\n<p>It was, under the Old regime, the administration responsible for the management of furniture and works of art intended for the decoration of royal residences.<\/p>\n","value_formatted":"<h3 style=\"font-weight: 400\">The reference to Antiquity<\/h3>\r\n<p style=\"font-weight: 400\">From the middle of the 18<sup>th<\/sup> century, the opening of the <em>Grand Tour<\/em> allowed a large number of architects, painters and sculptors to come into direct contact with the remains of Antiquity. Combining their artistic sensibility with a scientific method, they visited the antic site and studied the monuments, carrying out excavations and making meticulous records.<\/p>\r\n<p style=\"font-weight: 400\">They then shared the results of their works through scholarly publications. Among the available archaeological sources, ancient Greek architectural models from both the metropolis (mainland Greece) and its colonies in Asia Minor, southern Italy (Paestum) and Sicily, as well as ancient Greek ceramics (commonly known as Etruscan), hold a dominant place.<\/p>\r\n<p style=\"font-weight: 400\">The direct association between source of inspiration and original creation is evoked both by the nomenclature of the decoration of the period (\u201c<em>\u00e0 la grecque<\/em>\u201d, \u201c<em>grec<\/em>\u201d, \u201c<em>genre \u00e9trusque<\/em>\u201d) and by the progressive appropriation of their forms.<\/p>\r\n<p style=\"font-weight: 400\">This model of candlestick thus illustrates the decorative vogue encountered at the very end of the 18<sup>th<\/sup> century and yet announces the Empire style. Outcome of the Louis XVI style, the use of the tripod shape and animal paws feet is characteristic of this period and refers directly to the ancient artworks discovered during the excavations carried out at Herculaneum (House of the Cervi) and Pompeii. This form of feet, inspired by deer\u2019s feet, was in fact available in all decorative arts.<\/p>\r\n\r\n<h3 style=\"font-weight: 400\">Jean-Demosth\u00e8ne Dugourc (1749-1825)<\/h3>\r\n<p style=\"font-weight: 400\">The development of a new style, in which Antiquity is treated in a more archaeological manner than before, owes much to the role or ornamentalists such as Jean-Demosth\u00e8ne Dugourc. The designs of the ornamentalist were indeed able to provide sources of inspiration for the bronze-maker who made these candlesticks.<\/p>\r\n<p style=\"font-weight: 400\">In the service of the Duke of Orleans, the father of Jean-Demosth\u00e8ne Dugourc had an honourable fortune which enabled his son to share the studies of the Duke of Chartres. At the age of 15, in 1764, Jean-Demosth\u00e8ne Dugourc made a short stay in Rome, where he discovered Antiquity, while he was attached to the embassy of the Count of Cani.<\/p>\r\n<p style=\"font-weight: 400\">Thanks to his marriage with the sister of Fran\u00e7ois-Joseph B\u00e9langer, architect to the Count of Artois (future Charles X), Jean-Demosth\u00e8ne Dugourc became Monsieur\u2019s draughtsman. In 1784, he was appointed draughtsman of the <em>Garde-Meuble de la Couronne<\/em> and intendant of Monsieur\u2019s buildings. Quickly known throughout Europe, he was commissioned to draw for the King of Sweden, the Grand Duke of Russia Paul I and Empress Catherine II.<\/p>\r\n<p style=\"font-weight: 400\">Early contributor to the return of neoclassical taste with his arabesque drawings and interiors in the Etruscan style, he published six engraved arabesque plates, which he was the first to introduce into architecture as well as furniture, drapery and fabrics.<\/p>\r\n<p style=\"font-weight: 400\">However, the revolution put an end to his prestigious commissions: Jean-Demosth\u00e8ne Dugourc then worked for a wallpaper manufacture where he invented models for playing cards or letterheads.<\/p>\r\n<p style=\"font-weight: 400\">In 1799, he moved to Spain to work for the Casa del Labrador in Aranjuez, one of the residences of the royal family, as well as for the Duchesses of Alba and Osuna.<\/p>\r\n<p style=\"font-weight: 400\">Jean-Demosth\u00e8ne Dugourc returned to France in 1814: the ascension to the throne of his former mentor, becoming Charles X, restored his title of draughtsman of the <em>Garde-Meuble<\/em> until his death in 1825.<\/p>\r\nIt was, under the Old regime, the administration responsible for the management of furniture and works of art intended for the decoration of royal residences.","value":"<h3 style=\"font-weight: 400\">The reference to Antiquity<\/h3>\r\n<p style=\"font-weight: 400\">From the middle of the 18<sup>th<\/sup> century, the opening of the <em>Grand Tour<\/em> allowed a large number of architects, painters and sculptors to come into direct contact with the remains of Antiquity. Combining their artistic sensibility with a scientific method, they visited the antic site and studied the monuments, carrying out excavations and making meticulous records.<\/p>\r\n<p style=\"font-weight: 400\">They then shared the results of their works through scholarly publications. Among the available archaeological sources, ancient Greek architectural models from both the metropolis (mainland Greece) and its colonies in Asia Minor, southern Italy (Paestum) and Sicily, as well as ancient Greek ceramics (commonly known as Etruscan), hold a dominant place.<\/p>\r\n<p style=\"font-weight: 400\">The direct association between source of inspiration and original creation is evoked both by the nomenclature of the decoration of the period (\u201c<em>\u00e0 la grecque<\/em>\u201d, \u201c<em>grec<\/em>\u201d, \u201c<em>genre \u00e9trusque<\/em>\u201d) and by the progressive appropriation of their forms.<\/p>\r\n<p style=\"font-weight: 400\">This model of candlestick thus illustrates the decorative vogue encountered at the very end of the 18<sup>th<\/sup> century and yet announces the Empire style. Outcome of the Louis XVI style, the use of the tripod shape and animal paws feet is characteristic of this period and refers directly to the ancient artworks discovered during the excavations carried out at Herculaneum (House of the Cervi) and Pompeii. This form of feet, inspired by deer\u2019s feet, was in fact available in all decorative arts.<\/p>\r\n\r\n<h3 style=\"font-weight: 400\">Jean-Demosth\u00e8ne Dugourc (1749-1825)<\/h3>\r\n<p style=\"font-weight: 400\">The development of a new style, in which Antiquity is treated in a more archaeological manner than before, owes much to the role or ornamentalists such as Jean-Demosth\u00e8ne Dugourc. The designs of the ornamentalist were indeed able to provide sources of inspiration for the bronze-maker who made these candlesticks.<\/p>\r\n<p style=\"font-weight: 400\">In the service of the Duke of Orleans, the father of Jean-Demosth\u00e8ne Dugourc had an honourable fortune which enabled his son to share the studies of the Duke of Chartres. At the age of 15, in 1764, Jean-Demosth\u00e8ne Dugourc made a short stay in Rome, where he discovered Antiquity, while he was attached to the embassy of the Count of Cani.<\/p>\r\n<p style=\"font-weight: 400\">Thanks to his marriage with the sister of Fran\u00e7ois-Joseph B\u00e9langer, architect to the Count of Artois (future Charles X), Jean-Demosth\u00e8ne Dugourc became Monsieur\u2019s draughtsman. In 1784, he was appointed draughtsman of the <em>Garde-Meuble de la Couronne<\/em> and intendant of Monsieur\u2019s buildings. Quickly known throughout Europe, he was commissioned to draw for the King of Sweden, the Grand Duke of Russia Paul I and Empress Catherine II.<\/p>\r\n<p style=\"font-weight: 400\">Early contributor to the return of neoclassical taste with his arabesque drawings and interiors in the Etruscan style, he published six engraved arabesque plates, which he was the first to introduce into architecture as well as furniture, drapery and fabrics.<\/p>\r\n<p style=\"font-weight: 400\">However, the revolution put an end to his prestigious commissions: Jean-Demosth\u00e8ne Dugourc then worked for a wallpaper manufacture where he invented models for playing cards or letterheads.<\/p>\r\n<p style=\"font-weight: 400\">In 1799, he moved to Spain to work for the Casa del Labrador in Aranjuez, one of the residences of the royal family, as well as for the Duchesses of Alba and Osuna.<\/p>\r\n<p style=\"font-weight: 400\">Jean-Demosth\u00e8ne Dugourc returned to France in 1814: the ascension to the throne of his former mentor, becoming Charles X, restored his title of draughtsman of the <em>Garde-Meuble<\/em> until his death in 1825.<\/p>\r\nIt was, under the Old regime, the administration responsible for the management of furniture and works of art intended for the decoration of royal residences.","field":{"ID":617,"key":"field_67e67ebc1f746","label":"Histoire de l'objet","name":"histoire_de_lobjet","aria-label":"","prefix":"acf","type":"wysiwyg","value":null,"menu_order":6,"instructions":"","required":0,"id":"","class":"","conditional_logic":0,"parent":614,"wrapper":{"width":"","class":"","id":""},"default_value":"","allow_in_bindings":0,"tabs":"all","toolbar":"full","media_upload":1,"delay":0,"wpml_cf_preferences":2,"_name":"histoire_de_lobjet","_valid":1}},"bibliographie":{"simple_value_formatted":"<h3 style=\"font-weight: 400\">Bibliography<\/h3>\n<ul>\n<li style=\"font-weight: 400\">Pierre Arizzoli-Cl\u00e9mentel <em>et al., De Dugourc \u00e0 Pernon, nouvelles acquisitions graphiques pour les mus\u00e9es,<\/em> cat. expo., Lyon, Mus\u00e9e historique des Tissus (d\u00e9cembre 1990-mars 1991), Lyon, Mus\u00e9e des Tissus, 1990.<\/li>\n<\/ul>\n<ul>\n<li style=\"font-weight: 400\">Hans Ottomeyer,<em>\u00a0Vergoldete Bronzen<\/em>, Tome I, M\u00fcnchen, Klinkhardt &amp; Biermann, 1986, pp. 217-315.<\/li>\n<\/ul>\n<ul>\n<li style=\"font-weight: 400\">Jean-Pierre Samoyault, <em>Mobilier fran\u00e7ais Consulat et Empire<\/em>, Paris, Gourcuff Gradenigo, 2009.<\/li>\n<\/ul>\n","value_formatted":"<h3 style=\"font-weight: 400\">Bibliography<\/h3>\r\n<ul>\r\n \t<li style=\"font-weight: 400\">Pierre Arizzoli-Cl\u00e9mentel <em>et al., De Dugourc \u00e0 Pernon, nouvelles acquisitions graphiques pour les mus\u00e9es,<\/em> cat. expo., Lyon, Mus\u00e9e historique des Tissus (d\u00e9cembre 1990-mars 1991), Lyon, Mus\u00e9e des Tissus, 1990.<\/li>\r\n<\/ul>\r\n<ul>\r\n \t<li style=\"font-weight: 400\">Hans Ottomeyer,<em>\u00a0Vergoldete Bronzen<\/em>, Tome I, M\u00fcnchen, Klinkhardt &amp; Biermann, 1986, pp. 217-315.<\/li>\r\n<\/ul>\r\n<ul>\r\n \t<li style=\"font-weight: 400\">Jean-Pierre Samoyault, <em>Mobilier fran\u00e7ais Consulat et Empire<\/em>, Paris, Gourcuff Gradenigo, 2009.<\/li>\r\n<\/ul>","value":"<h3 style=\"font-weight: 400\">Bibliography<\/h3>\r\n<ul>\r\n \t<li style=\"font-weight: 400\">Pierre Arizzoli-Cl\u00e9mentel <em>et al., De Dugourc \u00e0 Pernon, nouvelles acquisitions graphiques pour les mus\u00e9es,<\/em> cat. expo., Lyon, Mus\u00e9e historique des Tissus (d\u00e9cembre 1990-mars 1991), Lyon, Mus\u00e9e des Tissus, 1990.<\/li>\r\n<\/ul>\r\n<ul>\r\n \t<li style=\"font-weight: 400\">Hans Ottomeyer,<em>\u00a0Vergoldete Bronzen<\/em>, Tome I, M\u00fcnchen, Klinkhardt &amp; Biermann, 1986, pp. 217-315.<\/li>\r\n<\/ul>\r\n<ul>\r\n \t<li style=\"font-weight: 400\">Jean-Pierre Samoyault, <em>Mobilier fran\u00e7ais Consulat et Empire<\/em>, Paris, Gourcuff Gradenigo, 2009.<\/li>\r\n<\/ul>","field":{"ID":780,"key":"field_67f660ee47359","label":"Bibliographie","name":"bibliographie","aria-label":"","prefix":"acf","type":"wysiwyg","value":null,"menu_order":7,"instructions":"","required":0,"id":"","class":"","conditional_logic":0,"parent":614,"wrapper":{"width":"","class":"","id":""},"wp-typography":"content","default_value":"","tabs":"all","toolbar":"full","media_upload":1,"delay":0,"wpml_cf_preferences":2,"_name":"bibliographie","_valid":1}},"etat_de_lobjet":{"simple_value_formatted":"","value_formatted":"","value":"","field":{"ID":618,"key":"field_67e67ee61f747","label":"\u00c9tat de l'objet","name":"etat_de_lobjet","aria-label":"","prefix":"acf","type":"wysiwyg","value":null,"menu_order":8,"instructions":"","required":0,"id":"","class":"","conditional_logic":0,"parent":614,"wrapper":{"width":"","class":"","id":""},"default_value":"","allow_in_bindings":0,"tabs":"all","toolbar":"full","media_upload":1,"delay":0,"wpml_cf_preferences":2,"_name":"etat_de_lobjet","_valid":1}},"informations_complementaires":{"simple_value_formatted":"","value_formatted":"","value":"","field":{"ID":619,"key":"field_67e67efb1f748","label":"Informations compl\u00e9mentaires","name":"informations_complementaires","aria-label":"","prefix":"acf","type":"wysiwyg","value":null,"menu_order":9,"instructions":"","required":0,"id":"","class":"","conditional_logic":0,"parent":614,"wrapper":{"width":"","class":"","id":""},"default_value":"","allow_in_bindings":0,"tabs":"all","toolbar":"full","media_upload":1,"delay":0,"wpml_cf_preferences":2,"_name":"informations_complementaires","_valid":1}},"":{"simple_value_formatted":"","value_formatted":"","value":"","field":{"ID":785,"key":"field_67f6616f4735e","label":"","name":"","aria-label":"","prefix":"acf","type":"text","value":null,"menu_order":10,"instructions":"","required":0,"id":"","class":"","conditional_logic":0,"parent":614,"wrapper":{"width":"","class":"","id":""},"wp-typography":"title","default_value":"","maxlength":"","placeholder":"","prepend":"","append":"","wpml_cf_preferences":2,"_name":"","_valid":1}}},"mb":[],"mfb_rest_fields":["title"],"_links":{"self":[{"href":"https:\/\/youngcollectors.galerieleage.com\/en\/wp-json\/wp\/v2\/product\/1110","targetHints":{"allow":["GET"]}}],"collection":[{"href":"https:\/\/youngcollectors.galerieleage.com\/en\/wp-json\/wp\/v2\/product"}],"about":[{"href":"https:\/\/youngcollectors.galerieleage.com\/en\/wp-json\/wp\/v2\/types\/product"}],"wp:featuredmedia":[{"embeddable":true,"href":"https:\/\/youngcollectors.galerieleage.com\/en\/wp-json\/wp\/v2\/media\/875"}],"wp:attachment":[{"href":"https:\/\/youngcollectors.galerieleage.com\/en\/wp-json\/wp\/v2\/media?parent=1110"}],"wp:term":[{"taxonomy":"product_brand","embeddable":true,"href":"https:\/\/youngcollectors.galerieleage.com\/en\/wp-json\/wp\/v2\/product_brand?post=1110"},{"taxonomy":"product_cat","embeddable":true,"href":"https:\/\/youngcollectors.galerieleage.com\/en\/wp-json\/wp\/v2\/product_cat?post=1110"},{"taxonomy":"product_tag","embeddable":true,"href":"https:\/\/youngcollectors.galerieleage.com\/en\/wp-json\/wp\/v2\/product_tag?post=1110"}],"curies":[{"name":"wp","href":"https:\/\/api.w.org\/{rel}","templated":true}]}}