{"id":1989,"date":"2025-10-04T16:18:07","date_gmt":"2025-10-04T14:18:07","guid":{"rendered":"https:\/\/youngcollectors.galerieleage.com\/?post_type=product&#038;p=1989"},"modified":"2026-03-27T10:27:56","modified_gmt":"2026-03-27T09:27:56","slug":"compigne-painting-representing-a-view-of-romes-surroundings-copie","status":"publish","type":"product","link":"https:\/\/youngcollectors.galerieleage.com\/en\/object\/compigne-painting-representing-a-view-of-romes-surroundings-copie\/","title":{"rendered":"Compign\u00e9 painting representing a view of Rome\u2019s surroundings (Copie)"},"content":{"rendered":"","protected":false},"excerpt":{"rendered":"","protected":false},"featured_media":990,"template":"","meta":{"_acf_changed":false,"wp_typography_post_enhancements_disabled":false,"_yc_description_objet":"","_yc_histoire_objet":"","_yc_etat_objet":""},"product_brand":[],"product_cat":[28],"product_tag":[],"class_list":{"0":"post-1989","1":"product","2":"type-product","3":"status-publish","4":"has-post-thumbnail","6":"product_cat-non-categorise","8":"first","9":"instock","10":"sold-individually","11":"taxable","12":"shipping-taxable","13":"purchasable","14":"product-type-simple"},"acf":{"cartel":{"simple_value_formatted":"<p style=\"font-weight: 400;text-align: center\">France, second half of the 18th century<\/p>\n<p style=\"font-weight: 400;text-align: center\"><strong>Thomas Compign\u00e9<\/strong><\/p>\n<p style=\"font-weight: 400;text-align: center\">Tortoiseshell and gold leaf<\/p>\n","value_formatted":"<p style=\"font-weight: 400;text-align: center\">France, second half of the 18th century<\/p>\r\n<p style=\"font-weight: 400;text-align: center\"><strong>Thomas Compign\u00e9<\/strong><\/p>\r\n<p style=\"font-weight: 400;text-align: center\">Tortoiseshell and gold leaf<\/p>","value":"<p style=\"font-weight: 400;text-align: center\">France, second half of the 18th century<\/p>\r\n<p style=\"font-weight: 400;text-align: center\"><strong>Thomas Compign\u00e9<\/strong><\/p>\r\n<p style=\"font-weight: 400;text-align: center\">Tortoiseshell and gold leaf<\/p>","field":{"ID":781,"key":"field_67f661144735a","label":"Cartel","name":"cartel","aria-label":"","prefix":"acf","type":"wysiwyg","value":null,"menu_order":0,"instructions":"","required":0,"id":"","class":"","conditional_logic":0,"parent":614,"wrapper":{"width":"","class":"","id":""},"wp-typography":"content","default_value":"","tabs":"all","toolbar":"full","media_upload":1,"delay":0,"wpml_cf_preferences":2,"_name":"cartel","_valid":1}},"dimensions":{"simple_value_formatted":"<p>&nbsp;<\/p>\n<p style=\"font-weight: 400;text-align: center\">Diameter: 9,5 cm \u2013 3 \u00be inches<\/p>\n<p>&nbsp;<\/p>\n<p>&nbsp;<\/p>\n","value_formatted":"&nbsp;\r\n<p style=\"font-weight: 400;text-align: center\">Diameter: 9,5 cm \u2013 3 \u00be inches<\/p>\r\n&nbsp;\r\n\r\n&nbsp;","value":"&nbsp;\r\n<p style=\"font-weight: 400;text-align: center\">Diameter: 9,5 cm \u2013 3 \u00be inches<\/p>\r\n&nbsp;\r\n\r\n&nbsp;","field":{"ID":782,"key":"field_67f661254735b","label":"Dimensions","name":"dimensions","aria-label":"","prefix":"acf","type":"wysiwyg","value":null,"menu_order":1,"instructions":"","required":0,"id":"","class":"","conditional_logic":0,"parent":614,"wrapper":{"width":"","class":"","id":""},"wpml_cf_preferences":2,"wp-typography":"content","default_value":"","tabs":"all","toolbar":"full","media_upload":1,"delay":0,"_name":"dimensions","_valid":1}},"exemples_comparables":{"simple_value_formatted":"","value_formatted":"","value":"","field":{"ID":783,"key":"field_67f661484735c","label":"Exemples comparables","name":"exemples_comparables","aria-label":"","prefix":"acf","type":"wysiwyg","value":null,"menu_order":2,"instructions":"","required":0,"id":"","class":"","conditional_logic":0,"parent":614,"wrapper":{"width":"","class":"","id":""},"wp-typography":"content","default_value":"","tabs":"all","toolbar":"full","media_upload":1,"delay":0,"wpml_cf_preferences":2,"_name":"exemples_comparables","_valid":1}},"exemples_vraisemblablement_identiques":{"simple_value_formatted":"","value_formatted":"","value":"","field":{"ID":786,"key":"field_67f662067360c","label":"Exemples vraisemblablement identiques","name":"exemples_vraisemblablement_identiques","aria-label":"","prefix":"acf","type":"wysiwyg","value":null,"menu_order":3,"instructions":"","required":0,"id":"","class":"","conditional_logic":0,"parent":614,"wrapper":{"width":"","class":"","id":""},"wp-typography":"content","default_value":"","tabs":"all","toolbar":"full","media_upload":1,"delay":0,"wpml_cf_preferences":2,"_name":"exemples_vraisemblablement_identiques","_valid":1}},"publications":{"simple_value_formatted":"","value_formatted":"","value":"","field":{"ID":784,"key":"field_67f661604735d","label":"Publications","name":"publications","aria-label":"","prefix":"acf","type":"wysiwyg","value":null,"menu_order":4,"instructions":"","required":0,"id":"","class":"","conditional_logic":0,"parent":614,"wrapper":{"width":"","class":"","id":""},"wp-typography":"content","default_value":"","tabs":"all","toolbar":"full","media_upload":1,"delay":0,"wpml_cf_preferences":2,"_name":"publications","_valid":1}},"description_de_lobjet":{"simple_value_formatted":"<p style=\"font-weight: 400\">This small engraved and gilded tortoiseshell medallion depicts a view of Rome animated by figures and framed by a gold border. The uniqueness of the tortoiseshell and the gold are highlighted by delicate engraving work that adds relief to the composition.<\/p>\n<p style=\"font-weight: 400\">In the foreground, the scene depicts the Tiber River, on which a boat is being pulled by an oarsman. The view is taken from the shore, bordered by greenery and part of a ruined triumphal arch on the right. The arrival of another boat can be seen on the left. Several figures along the shoreline, difficult to make out, mingle with the vegetation on both banks.<\/p>\n<p style=\"font-weight: 400\">In the background, a wall preceded by aquatic plants is interrupted by a staircase leading to a vast neoclassical mansion. This Italianate-roofed residence features a first floor with large windows punctuated by pilasters with Corinthian capitals, and a balcony above an imposing double-leaf door.<\/p>\n<p style=\"font-weight: 400\">In the background, the windows of a second imposing high-roofed building can be seen behind the garden trees. In the distance, other houses give a glimpse of the town continuing along the shore. An engraved ribbon runs across the top of the medallion, inscribed \u201c<em>Vue des environs de Rome fait sur le tou<\/em>r\u201d [<em>View of Rome\u2019s surroundings made on the lathe<\/em>].<\/p>\n","value_formatted":"<p style=\"font-weight: 400\">This small engraved and gilded tortoiseshell medallion depicts a view of Rome animated by figures and framed by a gold border. The uniqueness of the tortoiseshell and the gold are highlighted by delicate engraving work that adds relief to the composition.<\/p>\r\n<p style=\"font-weight: 400\">In the foreground, the scene depicts the Tiber River, on which a boat is being pulled by an oarsman. The view is taken from the shore, bordered by greenery and part of a ruined triumphal arch on the right. The arrival of another boat can be seen on the left. Several figures along the shoreline, difficult to make out, mingle with the vegetation on both banks.<\/p>\r\n<p style=\"font-weight: 400\">In the background, a wall preceded by aquatic plants is interrupted by a staircase leading to a vast neoclassical mansion. This Italianate-roofed residence features a first floor with large windows punctuated by pilasters with Corinthian capitals, and a balcony above an imposing double-leaf door.<\/p>\r\n<p style=\"font-weight: 400\">In the background, the windows of a second imposing high-roofed building can be seen behind the garden trees. In the distance, other houses give a glimpse of the town continuing along the shore. An engraved ribbon runs across the top of the medallion, inscribed \u201c<em>Vue des environs de Rome fait sur le tou<\/em>r\u201d [<em>View of Rome\u2019s surroundings made on the lathe<\/em>].<\/p>","value":"<p style=\"font-weight: 400\">This small engraved and gilded tortoiseshell medallion depicts a view of Rome animated by figures and framed by a gold border. The uniqueness of the tortoiseshell and the gold are highlighted by delicate engraving work that adds relief to the composition.<\/p>\r\n<p style=\"font-weight: 400\">In the foreground, the scene depicts the Tiber River, on which a boat is being pulled by an oarsman. The view is taken from the shore, bordered by greenery and part of a ruined triumphal arch on the right. The arrival of another boat can be seen on the left. Several figures along the shoreline, difficult to make out, mingle with the vegetation on both banks.<\/p>\r\n<p style=\"font-weight: 400\">In the background, a wall preceded by aquatic plants is interrupted by a staircase leading to a vast neoclassical mansion. This Italianate-roofed residence features a first floor with large windows punctuated by pilasters with Corinthian capitals, and a balcony above an imposing double-leaf door.<\/p>\r\n<p style=\"font-weight: 400\">In the background, the windows of a second imposing high-roofed building can be seen behind the garden trees. In the distance, other houses give a glimpse of the town continuing along the shore. An engraved ribbon runs across the top of the medallion, inscribed \u201c<em>Vue des environs de Rome fait sur le tou<\/em>r\u201d [<em>View of Rome\u2019s surroundings made on the lathe<\/em>].<\/p>","field":{"ID":615,"key":"field_67e67d7bae7bc","label":"Description de l'objet","name":"description_de_lobjet","aria-label":"","prefix":"acf","type":"wysiwyg","value":null,"menu_order":5,"instructions":"","required":0,"id":"","class":"","conditional_logic":0,"parent":614,"wrapper":{"width":"","class":"","id":""},"default_value":"","tabs":"all","toolbar":"full","media_upload":1,"delay":0,"wpml_cf_preferences":2,"_name":"description_de_lobjet","_valid":1}},"histoire_de_lobjet":{"simple_value_formatted":"<h3 style=\"font-weight: 400\">Paintings in Compign\u00e9<\/h3>\n<p style=\"font-weight: 400\">Of great preciousity and variety of materials, the paintings in <em>Compign\u00e9<\/em> were made according to a mysterious process starting from a sheet of tortoiseshell or carboard paper to which a pewter or gold leaf was applied. The surface could then be decorated with gold, silver, gouache and coloured varnishes. These \u201cminiatures\u201d, known today under the name of <em>Compign\u00e9,<\/em> had a great success in the 1760s.The small format, characteristic of this production, required to work in extreme precision, probably with the help of a magnifying glass, to develop the perfection of these technical details and colours.<\/p>\n<h3 style=\"font-weight: 400\">Thomas Compign\u00e9<\/h3>\n<p><span style=\"font-weight: 400\">Arrived from Italy, probably around 1750, Thomas Compigni took the name Compign\u00e9 when he settled under the sign of \u201c<em>Roi David\u201d, Rue Greneta<\/em>, in Paris. As an ivory turner, he specialised in the manufacture and sale of boxes, knitting sets, draughts and chess sets, snuffboxes and other cane handles of blond tortoiseshell inlaid with gold. Renowned for the quality of his objects, he passed on to posterity through the production of precious paintings whose technique remains mysterious today. In 1773, he presented two views of the <em>Ch\u00e2teau de Saint-Hubert <\/em>to the King and obtained the title of \u201c<em>tabletier privil\u00e9gi\u00e9 du Roi<\/em>\u201d under Louis <span style=\"font-variant: small-caps\">xv<\/span> and Louis <span style=\"font-variant: small-caps\">xvi<\/span>. His preferred themes are most often views of towns, monuments and castles from the perspective of parks or landscapes animated by small characters.<\/span><\/p>\n","value_formatted":"<h3 style=\"font-weight: 400\">Paintings in Compign\u00e9<\/h3>\r\n<p style=\"font-weight: 400\">Of great preciousity and variety of materials, the paintings in <em>Compign\u00e9<\/em> were made according to a mysterious process starting from a sheet of tortoiseshell or carboard paper to which a pewter or gold leaf was applied. The surface could then be decorated with gold, silver, gouache and coloured varnishes. These \u201cminiatures\u201d, known today under the name of <em>Compign\u00e9,<\/em> had a great success in the 1760s.The small format, characteristic of this production, required to work in extreme precision, probably with the help of a magnifying glass, to develop the perfection of these technical details and colours.<\/p>\r\n\r\n<h3 style=\"font-weight: 400\">Thomas Compign\u00e9<\/h3>\r\n<span style=\"font-weight: 400\">Arrived from Italy, probably around 1750, Thomas Compigni took the name Compign\u00e9 when he settled under the sign of \u201c<em>Roi David\u201d, Rue Greneta<\/em>, in Paris. As an ivory turner, he specialised in the manufacture and sale of boxes, knitting sets, draughts and chess sets, snuffboxes and other cane handles of blond tortoiseshell inlaid with gold. Renowned for the quality of his objects, he passed on to posterity through the production of precious paintings whose technique remains mysterious today. In 1773, he presented two views of the <em>Ch\u00e2teau de Saint-Hubert <\/em>to the King and obtained the title of \u201c<em>tabletier privil\u00e9gi\u00e9 du Roi<\/em>\u201d under Louis <span style=\"font-variant: small-caps\">xv<\/span> and Louis <span style=\"font-variant: small-caps\">xvi<\/span>. His preferred themes are most often views of towns, monuments and castles from the perspective of parks or landscapes animated by small characters.<\/span>","value":"<h3 style=\"font-weight: 400\">Paintings in Compign\u00e9<\/h3>\r\n<p style=\"font-weight: 400\">Of great preciousity and variety of materials, the paintings in <em>Compign\u00e9<\/em> were made according to a mysterious process starting from a sheet of tortoiseshell or carboard paper to which a pewter or gold leaf was applied. The surface could then be decorated with gold, silver, gouache and coloured varnishes. These \u201cminiatures\u201d, known today under the name of <em>Compign\u00e9,<\/em> had a great success in the 1760s.The small format, characteristic of this production, required to work in extreme precision, probably with the help of a magnifying glass, to develop the perfection of these technical details and colours.<\/p>\r\n\r\n<h3 style=\"font-weight: 400\">Thomas Compign\u00e9<\/h3>\r\n<span style=\"font-weight: 400\">Arrived from Italy, probably around 1750, Thomas Compigni took the name Compign\u00e9 when he settled under the sign of \u201c<em>Roi David\u201d, Rue Greneta<\/em>, in Paris. As an ivory turner, he specialised in the manufacture and sale of boxes, knitting sets, draughts and chess sets, snuffboxes and other cane handles of blond tortoiseshell inlaid with gold. Renowned for the quality of his objects, he passed on to posterity through the production of precious paintings whose technique remains mysterious today. In 1773, he presented two views of the <em>Ch\u00e2teau de Saint-Hubert <\/em>to the King and obtained the title of \u201c<em>tabletier privil\u00e9gi\u00e9 du Roi<\/em>\u201d under Louis <span style=\"font-variant: small-caps\">xv<\/span> and Louis <span style=\"font-variant: small-caps\">xvi<\/span>. His preferred themes are most often views of towns, monuments and castles from the perspective of parks or landscapes animated by small characters.<\/span>","field":{"ID":617,"key":"field_67e67ebc1f746","label":"Histoire de l'objet","name":"histoire_de_lobjet","aria-label":"","prefix":"acf","type":"wysiwyg","value":null,"menu_order":6,"instructions":"","required":0,"id":"","class":"","conditional_logic":0,"parent":614,"wrapper":{"width":"","class":"","id":""},"default_value":"","allow_in_bindings":0,"tabs":"all","toolbar":"full","media_upload":1,"delay":0,"wpml_cf_preferences":2,"_name":"histoire_de_lobjet","_valid":1}},"bibliographie":{"simple_value_formatted":"<h3 style=\"font-weight: 400\">Bibliography\u00a0:<\/h3>\n<ul>\n<li style=\"font-weight: 400\">Plaisir de France, \u00ab Les Compign\u00e9s et leurs cr\u00e9ateurs, ces d\u00e9licats chefs-d\u2019\u0153uvre de la tabletterie au <span style=\"font-variant: small-caps\">xviii<\/span><sup>e<\/sup> si\u00e8cle \u00bb, n\u00b0 427, March 1975.<\/li>\n<\/ul>\n<ul>\n<li><em style=\"font-weight: 400\">Compign\u00e9, peintre et tabletier du Roy<\/em><span style=\"font-weight: 400\">, exhibition catalogue, Grasse, Villa-Mus\u00e9e Jean-Honor\u00e9 Fragonard, June-July 1991.<\/span><\/li>\n<\/ul>\n","value_formatted":"<h3 style=\"font-weight: 400\">Bibliography\u00a0:<\/h3>\r\n<ul>\r\n \t<li style=\"font-weight: 400\">Plaisir de France, \u00ab Les Compign\u00e9s et leurs cr\u00e9ateurs, ces d\u00e9licats chefs-d\u2019\u0153uvre de la tabletterie au <span style=\"font-variant: small-caps\">xviii<\/span><sup>e<\/sup> si\u00e8cle \u00bb, n\u00b0 427, March 1975.<\/li>\r\n<\/ul>\r\n<ul>\r\n \t<li><em style=\"font-weight: 400\">Compign\u00e9, peintre et tabletier du Roy<\/em><span style=\"font-weight: 400\">, exhibition catalogue, Grasse, Villa-Mus\u00e9e Jean-Honor\u00e9 Fragonard, June-July 1991.<\/span><\/li>\r\n<\/ul>","value":"<h3 style=\"font-weight: 400\">Bibliography\u00a0:<\/h3>\r\n<ul>\r\n \t<li style=\"font-weight: 400\">Plaisir de France, \u00ab Les Compign\u00e9s et leurs cr\u00e9ateurs, ces d\u00e9licats chefs-d\u2019\u0153uvre de la tabletterie au <span style=\"font-variant: small-caps\">xviii<\/span><sup>e<\/sup> si\u00e8cle \u00bb, n\u00b0 427, March 1975.<\/li>\r\n<\/ul>\r\n<ul>\r\n \t<li><em style=\"font-weight: 400\">Compign\u00e9, peintre et tabletier du Roy<\/em><span style=\"font-weight: 400\">, exhibition catalogue, Grasse, Villa-Mus\u00e9e Jean-Honor\u00e9 Fragonard, June-July 1991.<\/span><\/li>\r\n<\/ul>","field":{"ID":780,"key":"field_67f660ee47359","label":"Bibliographie","name":"bibliographie","aria-label":"","prefix":"acf","type":"wysiwyg","value":null,"menu_order":7,"instructions":"","required":0,"id":"","class":"","conditional_logic":0,"parent":614,"wrapper":{"width":"","class":"","id":""},"wp-typography":"content","default_value":"","tabs":"all","toolbar":"full","media_upload":1,"delay":0,"wpml_cf_preferences":2,"_name":"bibliographie","_valid":1}},"etat_de_lobjet":{"simple_value_formatted":"","value_formatted":"","value":"","field":{"ID":618,"key":"field_67e67ee61f747","label":"\u00c9tat de l'objet","name":"etat_de_lobjet","aria-label":"","prefix":"acf","type":"wysiwyg","value":null,"menu_order":8,"instructions":"","required":0,"id":"","class":"","conditional_logic":0,"parent":614,"wrapper":{"width":"","class":"","id":""},"default_value":"","allow_in_bindings":0,"tabs":"all","toolbar":"full","media_upload":1,"delay":0,"wpml_cf_preferences":2,"_name":"etat_de_lobjet","_valid":1}},"informations_complementaires":{"simple_value_formatted":"","value_formatted":"","value":"","field":{"ID":619,"key":"field_67e67efb1f748","label":"Informations compl\u00e9mentaires","name":"informations_complementaires","aria-label":"","prefix":"acf","type":"wysiwyg","value":null,"menu_order":9,"instructions":"","required":0,"id":"","class":"","conditional_logic":0,"parent":614,"wrapper":{"width":"","class":"","id":""},"default_value":"","allow_in_bindings":0,"tabs":"all","toolbar":"full","media_upload":1,"delay":0,"wpml_cf_preferences":2,"_name":"informations_complementaires","_valid":1}},"":{"simple_value_formatted":"","value_formatted":"","value":"","field":{"ID":785,"key":"field_67f6616f4735e","label":"","name":"","aria-label":"","prefix":"acf","type":"text","value":null,"menu_order":10,"instructions":"","required":0,"id":"","class":"","conditional_logic":0,"parent":614,"wrapper":{"width":"","class":"","id":""},"wp-typography":"title","default_value":"","maxlength":"","placeholder":"","prepend":"","append":"","wpml_cf_preferences":2,"_name":"","_valid":1}}},"mb":[],"mfb_rest_fields":["title"],"_links":{"self":[{"href":"https:\/\/youngcollectors.galerieleage.com\/en\/wp-json\/wp\/v2\/product\/1989","targetHints":{"allow":["GET"]}}],"collection":[{"href":"https:\/\/youngcollectors.galerieleage.com\/en\/wp-json\/wp\/v2\/product"}],"about":[{"href":"https:\/\/youngcollectors.galerieleage.com\/en\/wp-json\/wp\/v2\/types\/product"}],"wp:featuredmedia":[{"embeddable":true,"href":"https:\/\/youngcollectors.galerieleage.com\/en\/wp-json\/wp\/v2\/media\/990"}],"wp:attachment":[{"href":"https:\/\/youngcollectors.galerieleage.com\/en\/wp-json\/wp\/v2\/media?parent=1989"}],"wp:term":[{"taxonomy":"product_brand","embeddable":true,"href":"https:\/\/youngcollectors.galerieleage.com\/en\/wp-json\/wp\/v2\/product_brand?post=1989"},{"taxonomy":"product_cat","embeddable":true,"href":"https:\/\/youngcollectors.galerieleage.com\/en\/wp-json\/wp\/v2\/product_cat?post=1989"},{"taxonomy":"product_tag","embeddable":true,"href":"https:\/\/youngcollectors.galerieleage.com\/en\/wp-json\/wp\/v2\/product_tag?post=1989"}],"curies":[{"name":"wp","href":"https:\/\/api.w.org\/{rel}","templated":true}]}}