{"id":2629,"date":"2026-04-03T12:06:05","date_gmt":"2026-04-03T10:06:05","guid":{"rendered":"https:\/\/youngcollectors.galerieleage.com\/?post_type=product&#038;p=2629"},"modified":"2026-04-03T12:06:05","modified_gmt":"2026-04-03T10:06:05","slug":"pair-of-two-arms-wall-lights-with-foliage-decoration-2","status":"publish","type":"product","link":"https:\/\/youngcollectors.galerieleage.com\/en\/object\/pair-of-two-arms-wall-lights-with-foliage-decoration-2\/","title":{"rendered":"Pair of two arms wall lights with foliage decoration"},"content":{"rendered":"<div class=\"page\" title=\"Page 4\">\n<div class=\"layoutArea\">\n<div class=\"column\">\n<h3>Description<\/h3>\n<\/div>\n<\/div>\n<\/div>\n<p>Adorned with sinuous lines, the shaft is decorated with leaves, flowers and volutes with a shell at the crest. At the bottom, there is a decoration of a bouquet of flowers and leaves.<br>\nTwo asymmetrical arms of light, carved with foliage from a cartouche, support the overall. The bobeches and the nozzles are also finely chased with moving leaves.<\/p>\n","protected":false},"excerpt":{"rendered":"<p>&nbsp;<\/p>\n<p style=\"text-align: center\">France, Regence period, second quarter of the 18<sup class=\"ordinal\">th<\/sup> century<\/p>\n<p style=\"text-align: center\">Stamped with a crowned \u201cC\u201d indicating the period 1745\u20131749 when bronzes were taxed<\/p>\n<p style=\"text-align: center\">Chased and gilt bronze<\/p>\n","protected":false},"featured_media":2825,"template":"","meta":{"_acf_changed":false,"wp_typography_post_enhancements_disabled":false,"_yc_description_objet":"","_yc_histoire_objet":"","_yc_etat_objet":""},"product_brand":[],"product_cat":[28],"product_tag":[],"class_list":{"0":"post-2629","1":"product","2":"type-product","3":"status-publish","4":"has-post-thumbnail","6":"product_cat-non-categorise","8":"first","9":"instock","10":"taxable","11":"shipping-taxable","12":"purchasable","13":"product-type-simple"},"acf":{"cartel":{"simple_value_formatted":"<p>&nbsp;<\/p>\n<p style=\"text-align: center\">France, Regence period, second quarter of the 18th century<\/p>\n<p style=\"text-align: center\">Stamped with a crowned \u201cC\u201d indicating the period 1745-1749 when bronzes were taxed<\/p>\n<p style=\"text-align: center\">Chased and gilt bronze<\/p>\n","value_formatted":"&nbsp;\r\n<p style=\"text-align: center\">France, Regence period, second quarter of the 18th century<\/p>\r\n<p style=\"text-align: center\">Stamped with a crowned \u201cC\u201d indicating the period 1745-1749 when bronzes were taxed<\/p>\r\n<p style=\"text-align: center\">Chased and gilt bronze<\/p>","value":"&nbsp;\r\n<p style=\"text-align: center\">France, Regence period, second quarter of the 18th century<\/p>\r\n<p style=\"text-align: center\">Stamped with a crowned \u201cC\u201d indicating the period 1745-1749 when bronzes were taxed<\/p>\r\n<p style=\"text-align: center\">Chased and gilt bronze<\/p>","field":{"ID":781,"key":"field_67f661144735a","label":"Cartel","name":"cartel","aria-label":"","prefix":"acf","type":"wysiwyg","value":null,"menu_order":0,"instructions":"","required":0,"id":"","class":"","conditional_logic":0,"parent":614,"wrapper":{"width":"","class":"","id":""},"wp-typography":"content","default_value":"","tabs":"all","toolbar":"full","media_upload":1,"delay":0,"wpml_cf_preferences":2,"_name":"cartel","_valid":1}},"dimensions":{"simple_value_formatted":"<p>&nbsp;<\/p>\n<p style=\"text-align: center\">Height: 41 cm \u2013 16 inches<\/p>\n<p style=\"text-align: center\">Width: 28 cm \u2013 11 inches<\/p>\n","value_formatted":"&nbsp;\r\n<p style=\"text-align: center\">Height: 41 cm \u2013 16 inches<\/p>\r\n<p style=\"text-align: center\">Width: 28 cm \u2013 11 inches<\/p>","value":"&nbsp;\r\n<p style=\"text-align: center\">Height: 41 cm \u2013 16 inches<\/p>\r\n<p style=\"text-align: center\">Width: 28 cm \u2013 11 inches<\/p>","field":{"ID":782,"key":"field_67f661254735b","label":"Dimensions","name":"dimensions","aria-label":"","prefix":"acf","type":"wysiwyg","value":null,"menu_order":1,"instructions":"","required":0,"id":"","class":"","conditional_logic":0,"parent":614,"wrapper":{"width":"","class":"","id":""},"wpml_cf_preferences":2,"wp-typography":"content","default_value":"","tabs":"all","toolbar":"full","media_upload":1,"delay":0,"_name":"dimensions","_valid":1}},"exemples_comparables":{"simple_value_formatted":"","value_formatted":"","value":"","field":{"ID":783,"key":"field_67f661484735c","label":"Exemples comparables","name":"exemples_comparables","aria-label":"","prefix":"acf","type":"wysiwyg","value":null,"menu_order":2,"instructions":"","required":0,"id":"","class":"","conditional_logic":0,"parent":614,"wrapper":{"width":"","class":"","id":""},"wp-typography":"content","default_value":"","tabs":"all","toolbar":"full","media_upload":1,"delay":0,"wpml_cf_preferences":2,"_name":"exemples_comparables","_valid":1}},"exemples_vraisemblablement_identiques":{"simple_value_formatted":"","value_formatted":"","value":"","field":{"ID":786,"key":"field_67f662067360c","label":"Exemples vraisemblablement identiques","name":"exemples_vraisemblablement_identiques","aria-label":"","prefix":"acf","type":"wysiwyg","value":null,"menu_order":3,"instructions":"","required":0,"id":"","class":"","conditional_logic":0,"parent":614,"wrapper":{"width":"","class":"","id":""},"wp-typography":"content","default_value":"","tabs":"all","toolbar":"full","media_upload":1,"delay":0,"wpml_cf_preferences":2,"_name":"exemples_vraisemblablement_identiques","_valid":1}},"publications":{"simple_value_formatted":"","value_formatted":"","value":"","field":{"ID":784,"key":"field_67f661604735d","label":"Publications","name":"publications","aria-label":"","prefix":"acf","type":"wysiwyg","value":null,"menu_order":4,"instructions":"","required":0,"id":"","class":"","conditional_logic":0,"parent":614,"wrapper":{"width":"","class":"","id":""},"wp-typography":"content","default_value":"","tabs":"all","toolbar":"full","media_upload":1,"delay":0,"wpml_cf_preferences":2,"_name":"publications","_valid":1}},"description_de_lobjet":{"simple_value_formatted":"<div class=\"page\" title=\"Page 4\">\n<div class=\"layoutArea\">\n<div class=\"column\">\n<h3>Description<\/h3>\n<\/div>\n<\/div>\n<\/div>\n<p>Adorned with sinuous lines, the shaft is decorated with leaves, flowers and volutes with a shell at the crest. At the bottom, there is a decoration of a bouquet of flowers and leaves.<br \/>\nTwo asymmetrical arms of light, carved with foliage from a cartouche, support the overall. The bobeches and the nozzles are also finely chased with moving leaves.<\/p>\n","value_formatted":"<div class=\"page\" title=\"Page 4\">\r\n<div class=\"layoutArea\">\r\n<div class=\"column\">\r\n<h3>Description<\/h3>\r\n<\/div>\r\n<\/div>\r\n<\/div>\r\nAdorned with sinuous lines, the shaft is decorated with leaves, flowers and volutes with a shell at the crest. At the bottom, there is a decoration of a bouquet of flowers and leaves.\r\nTwo asymmetrical arms of light, carved with foliage from a cartouche, support the overall. The bobeches and the nozzles are also finely chased with moving leaves.","value":"<div class=\"page\" title=\"Page 4\">\r\n<div class=\"layoutArea\">\r\n<div class=\"column\">\r\n<h3>Description<\/h3>\r\n<\/div>\r\n<\/div>\r\n<\/div>\r\nAdorned with sinuous lines, the shaft is decorated with leaves, flowers and volutes with a shell at the crest. At the bottom, there is a decoration of a bouquet of flowers and leaves.\r\nTwo asymmetrical arms of light, carved with foliage from a cartouche, support the overall. The bobeches and the nozzles are also finely chased with moving leaves.","field":{"ID":615,"key":"field_67e67d7bae7bc","label":"Description de l'objet","name":"description_de_lobjet","aria-label":"","prefix":"acf","type":"wysiwyg","value":null,"menu_order":5,"instructions":"","required":0,"id":"","class":"","conditional_logic":0,"parent":614,"wrapper":{"width":"","class":"","id":""},"default_value":"","tabs":"all","toolbar":"full","media_upload":1,"delay":0,"wpml_cf_preferences":2,"_name":"description_de_lobjet","_valid":1}},"histoire_de_lobjet":{"simple_value_formatted":"<h3><strong>The C crowned stamp<\/strong><\/h3>\n<p>A decree of 1745 made it mandatory for bronze-makers to mark their works with a small distinctive letter, a C surmounted by a crown, in order to submit them to the payment of a tax. This tax applied \u201cto all old and new works of pure copper, cast iron, bronze and other, mixed, ground, cast, flattened, engraved, gilded, silvered and coloured copper, without any exception\u201d.<\/p>\n<p>On February 4th, 1749 a decision of the Council put an end to this obligation which was probably linked to the end of the war of the Austrian Succession which financing had caused the creation of many small taxes.<\/p>\n<p>The text specifies that it concerns \u201cany old or new piece\u201d. It is therefore possible to find the stamp on pieces prior to 1745, particularly if the object is subjected to a new layer of gilding or if it got into trade during these four years. Such is the case of certain pieces of furniture by Andr\u00e9-Charles Boulle, from the Louis XIV period, but which success was continued.<\/p>\n","value_formatted":"<h3><strong>The C crowned stamp<\/strong><\/h3>\r\nA decree of 1745 made it mandatory for bronze-makers to mark their works with a small distinctive letter, a C surmounted by a crown, in order to submit them to the payment of a tax. This tax applied \u201cto all old and new works of pure copper, cast iron, bronze and other, mixed, ground, cast, flattened, engraved, gilded, silvered and coloured copper, without any exception\u201d.\r\n\r\nOn February 4th, 1749 a decision of the Council put an end to this obligation which was probably linked to the end of the war of the Austrian Succession which financing had caused the creation of many small taxes.\r\n\r\nThe text specifies that it concerns \u201cany old or new piece\u201d. It is therefore possible to find the stamp on pieces prior to 1745, particularly if the object is subjected to a new layer of gilding or if it got into trade during these four years. Such is the case of certain pieces of furniture by Andr\u00e9-Charles Boulle, from the Louis XIV period, but which success was continued.","value":"<h3><strong>The C crowned stamp<\/strong><\/h3>\r\nA decree of 1745 made it mandatory for bronze-makers to mark their works with a small distinctive letter, a C surmounted by a crown, in order to submit them to the payment of a tax. This tax applied \u201cto all old and new works of pure copper, cast iron, bronze and other, mixed, ground, cast, flattened, engraved, gilded, silvered and coloured copper, without any exception\u201d.\r\n\r\nOn February 4th, 1749 a decision of the Council put an end to this obligation which was probably linked to the end of the war of the Austrian Succession which financing had caused the creation of many small taxes.\r\n\r\nThe text specifies that it concerns \u201cany old or new piece\u201d. It is therefore possible to find the stamp on pieces prior to 1745, particularly if the object is subjected to a new layer of gilding or if it got into trade during these four years. Such is the case of certain pieces of furniture by Andr\u00e9-Charles Boulle, from the Louis XIV period, but which success was continued.","field":{"ID":617,"key":"field_67e67ebc1f746","label":"Histoire de l'objet","name":"histoire_de_lobjet","aria-label":"","prefix":"acf","type":"wysiwyg","value":null,"menu_order":6,"instructions":"","required":0,"id":"","class":"","conditional_logic":0,"parent":614,"wrapper":{"width":"","class":"","id":""},"default_value":"","allow_in_bindings":0,"tabs":"all","toolbar":"full","media_upload":1,"delay":0,"wpml_cf_preferences":2,"_name":"histoire_de_lobjet","_valid":1}},"bibliographie":{"simple_value_formatted":"<div class=\"page\" title=\"Page 4\">\n<div class=\"layoutArea\">\n<div class=\"column\">\n<h3><\/h3>\n<h3>Bibliography<\/h3>\n<div class=\"page\" title=\"Page 4\">\n<div class=\"layoutArea\">\n<div class=\"column\">\n<ul>\n<li>Pierre Verlet, <em>Les bronzes dor\u00e9s fran\u00e7ais du XVIIIe si\u00e8cle<\/em>, Paris, Picard, 1987.<\/li>\n<\/ul>\n<\/div>\n<\/div>\n<\/div>\n<\/div>\n<\/div>\n<\/div>\n","value_formatted":"<div class=\"page\" title=\"Page 4\">\r\n<div class=\"layoutArea\">\r\n<div class=\"column\">\r\n<h3><\/h3>\r\n<h3>Bibliography<\/h3>\r\n<div class=\"page\" title=\"Page 4\">\r\n<div class=\"layoutArea\">\r\n<div class=\"column\">\r\n<ul>\r\n \t<li>Pierre Verlet, <em>Les bronzes dor\u00e9s fran\u00e7ais du XVIIIe si\u00e8cle<\/em>, Paris, Picard, 1987.<\/li>\r\n<\/ul>\r\n<\/div>\r\n<\/div>\r\n<\/div>\r\n<\/div>\r\n<\/div>\r\n<\/div>","value":"<div class=\"page\" title=\"Page 4\">\r\n<div class=\"layoutArea\">\r\n<div class=\"column\">\r\n<h3><\/h3>\r\n<h3>Bibliography<\/h3>\r\n<div class=\"page\" title=\"Page 4\">\r\n<div class=\"layoutArea\">\r\n<div class=\"column\">\r\n<ul>\r\n \t<li>Pierre Verlet, <em>Les bronzes dor\u00e9s fran\u00e7ais du XVIIIe si\u00e8cle<\/em>, Paris, Picard, 1987.<\/li>\r\n<\/ul>\r\n<\/div>\r\n<\/div>\r\n<\/div>\r\n<\/div>\r\n<\/div>\r\n<\/div>","field":{"ID":780,"key":"field_67f660ee47359","label":"Bibliographie","name":"bibliographie","aria-label":"","prefix":"acf","type":"wysiwyg","value":null,"menu_order":7,"instructions":"","required":0,"id":"","class":"","conditional_logic":0,"parent":614,"wrapper":{"width":"","class":"","id":""},"wp-typography":"content","default_value":"","tabs":"all","toolbar":"full","media_upload":1,"delay":0,"wpml_cf_preferences":2,"_name":"bibliographie","_valid":1}},"etat_de_lobjet":{"simple_value_formatted":"","value_formatted":"","value":"","field":{"ID":618,"key":"field_67e67ee61f747","label":"\u00c9tat de l'objet","name":"etat_de_lobjet","aria-label":"","prefix":"acf","type":"wysiwyg","value":null,"menu_order":8,"instructions":"","required":0,"id":"","class":"","conditional_logic":0,"parent":614,"wrapper":{"width":"","class":"","id":""},"default_value":"","allow_in_bindings":0,"tabs":"all","toolbar":"full","media_upload":1,"delay":0,"wpml_cf_preferences":2,"_name":"etat_de_lobjet","_valid":1}},"informations_complementaires":{"simple_value_formatted":"","value_formatted":"","value":"","field":{"ID":619,"key":"field_67e67efb1f748","label":"Informations compl\u00e9mentaires","name":"informations_complementaires","aria-label":"","prefix":"acf","type":"wysiwyg","value":null,"menu_order":9,"instructions":"","required":0,"id":"","class":"","conditional_logic":0,"parent":614,"wrapper":{"width":"","class":"","id":""},"default_value":"","allow_in_bindings":0,"tabs":"all","toolbar":"full","media_upload":1,"delay":0,"wpml_cf_preferences":2,"_name":"informations_complementaires","_valid":1}},"":{"simple_value_formatted":"","value_formatted":"","value":"","field":{"ID":785,"key":"field_67f6616f4735e","label":"","name":"","aria-label":"","prefix":"acf","type":"text","value":null,"menu_order":10,"instructions":"","required":0,"id":"","class":"","conditional_logic":0,"parent":614,"wrapper":{"width":"","class":"","id":""},"wp-typography":"title","default_value":"","maxlength":"","placeholder":"","prepend":"","append":"","wpml_cf_preferences":2,"_name":"","_valid":1}}},"mb":[],"mfb_rest_fields":["title"],"_links":{"self":[{"href":"https:\/\/youngcollectors.galerieleage.com\/en\/wp-json\/wp\/v2\/product\/2629","targetHints":{"allow":["GET"]}}],"collection":[{"href":"https:\/\/youngcollectors.galerieleage.com\/en\/wp-json\/wp\/v2\/product"}],"about":[{"href":"https:\/\/youngcollectors.galerieleage.com\/en\/wp-json\/wp\/v2\/types\/product"}],"wp:featuredmedia":[{"embeddable":true,"href":"https:\/\/youngcollectors.galerieleage.com\/en\/wp-json\/wp\/v2\/media\/2825"}],"wp:attachment":[{"href":"https:\/\/youngcollectors.galerieleage.com\/en\/wp-json\/wp\/v2\/media?parent=2629"}],"wp:term":[{"taxonomy":"product_brand","embeddable":true,"href":"https:\/\/youngcollectors.galerieleage.com\/en\/wp-json\/wp\/v2\/product_brand?post=2629"},{"taxonomy":"product_cat","embeddable":true,"href":"https:\/\/youngcollectors.galerieleage.com\/en\/wp-json\/wp\/v2\/product_cat?post=2629"},{"taxonomy":"product_tag","embeddable":true,"href":"https:\/\/youngcollectors.galerieleage.com\/en\/wp-json\/wp\/v2\/product_tag?post=2629"}],"curies":[{"name":"wp","href":"https:\/\/api.w.org\/{rel}","templated":true}]}}