{"id":2640,"date":"2026-04-03T12:06:06","date_gmt":"2026-04-03T10:06:06","guid":{"rendered":"https:\/\/youngcollectors.galerieleage.com\/?post_type=product&#038;p=2640"},"modified":"2026-04-03T12:06:06","modified_gmt":"2026-04-03T10:06:06","slug":"pair-of-ormolu-candlesticks","status":"publish","type":"product","link":"https:\/\/youngcollectors.galerieleage.com\/en\/object\/pair-of-ormolu-candlesticks\/","title":{"rendered":"Pair of ormolu candlesticks"},"content":{"rendered":"<div class=\"page\" title=\"Page 3\">\n<div class=\"layoutArea\">\n<div class=\"column\">\n<div class=\"page\" title=\"Page 6\">\n<div class=\"layoutArea\">\n<div class=\"column\">\n<h3>Description<\/h3>\n<\/div>\n<\/div>\n<\/div>\n<p>The restless base of these ormolu candlesticks is adorned with alternating asymmetrical rocaille cartouches and fluted motifs on an amati background underlined by scrolls.<br>\nThe baluster shaft is adorned with gadrooned motifs up to the shoulder. The latter is decorated with scrolling leaves, before stretching in a twisted movement to the binet.<\/p>\n<p>This upper part, also sinuous, is decorated with palms, chiseled wheat ears and curves. Scrolls adorn the neck.<\/p>\n<\/div>\n<\/div>\n<\/div>\n","protected":false},"excerpt":{"rendered":"<p>&nbsp;<\/p>\n<p style=\"text-align: center\">France, Louis XV period, circa 1735\u20131740<\/p>\n<p style=\"text-align: center\">Chased and gilt bronze<\/p>\n","protected":false},"featured_media":2813,"template":"","meta":{"_acf_changed":false,"wp_typography_post_enhancements_disabled":false,"_yc_description_objet":"","_yc_histoire_objet":"","_yc_etat_objet":""},"product_brand":[],"product_cat":[28],"product_tag":[],"class_list":{"0":"post-2640","1":"product","2":"type-product","3":"status-publish","4":"has-post-thumbnail","6":"product_cat-non-categorise","8":"first","9":"instock","10":"taxable","11":"shipping-taxable","12":"purchasable","13":"product-type-simple"},"acf":{"cartel":{"simple_value_formatted":"<div class=\"page\" title=\"Page 3\">\n<div class=\"layoutArea\">\n<div class=\"column\">\n<p>&nbsp;<\/p>\n<p style=\"text-align: center\">France, Louis XV period, circa 1735-1740<\/p>\n<p style=\"text-align: center\">Chased and gilt bronze<\/p>\n<\/div>\n<\/div>\n<\/div>\n","value_formatted":"<div class=\"page\" title=\"Page 3\">\r\n<div class=\"layoutArea\">\r\n<div class=\"column\">\r\n\r\n&nbsp;\r\n<p style=\"text-align: center\">France, Louis XV period, circa 1735-1740<\/p>\r\n<p style=\"text-align: center\">Chased and gilt bronze<\/p>\r\n\r\n<\/div>\r\n<\/div>\r\n<\/div>","value":"<div class=\"page\" title=\"Page 3\">\r\n<div class=\"layoutArea\">\r\n<div class=\"column\">\r\n\r\n&nbsp;\r\n<p style=\"text-align: center\">France, Louis XV period, circa 1735-1740<\/p>\r\n<p style=\"text-align: center\">Chased and gilt bronze<\/p>\r\n\r\n<\/div>\r\n<\/div>\r\n<\/div>","field":{"ID":781,"key":"field_67f661144735a","label":"Cartel","name":"cartel","aria-label":"","prefix":"acf","type":"wysiwyg","value":null,"menu_order":0,"instructions":"","required":0,"id":"","class":"","conditional_logic":0,"parent":614,"wrapper":{"width":"","class":"","id":""},"wp-typography":"content","default_value":"","tabs":"all","toolbar":"full","media_upload":1,"delay":0,"wpml_cf_preferences":2,"_name":"cartel","_valid":1}},"dimensions":{"simple_value_formatted":"<div class=\"page\" title=\"Page 4\">\n<div class=\"layoutArea\">\n<div class=\"column\">\n<p>&nbsp;<\/p>\n<p style=\"text-align: center\">Height: 27 cm \u2013 10 2\/3 inches<\/p>\n<p style=\"text-align: center\">Width: 16 cm \u2013 6 1\u20444 inches<\/p>\n<p style=\"text-align: center\">Depth: 16 cm \u2013 6 1\u20444 inches<\/p>\n<\/div>\n<\/div>\n<\/div>\n","value_formatted":"<div class=\"page\" title=\"Page 4\">\r\n<div class=\"layoutArea\">\r\n<div class=\"column\">\r\n\r\n&nbsp;\r\n<p style=\"text-align: center\">Height: 27 cm \u2013 10 2\/3 inches<\/p>\r\n<p style=\"text-align: center\">Width: 16 cm \u2013 6 1\u20444 inches<\/p>\r\n<p style=\"text-align: center\">Depth: 16 cm \u2013 6 1\u20444 inches<\/p>\r\n\r\n<\/div>\r\n<\/div>\r\n<\/div>","value":"<div class=\"page\" title=\"Page 4\">\r\n<div class=\"layoutArea\">\r\n<div class=\"column\">\r\n\r\n&nbsp;\r\n<p style=\"text-align: center\">Height: 27 cm \u2013 10 2\/3 inches<\/p>\r\n<p style=\"text-align: center\">Width: 16 cm \u2013 6 1\u20444 inches<\/p>\r\n<p style=\"text-align: center\">Depth: 16 cm \u2013 6 1\u20444 inches<\/p>\r\n\r\n<\/div>\r\n<\/div>\r\n<\/div>","field":{"ID":782,"key":"field_67f661254735b","label":"Dimensions","name":"dimensions","aria-label":"","prefix":"acf","type":"wysiwyg","value":null,"menu_order":1,"instructions":"","required":0,"id":"","class":"","conditional_logic":0,"parent":614,"wrapper":{"width":"","class":"","id":""},"wpml_cf_preferences":2,"wp-typography":"content","default_value":"","tabs":"all","toolbar":"full","media_upload":1,"delay":0,"_name":"dimensions","_valid":1}},"exemples_comparables":{"simple_value_formatted":"","value_formatted":"","value":"","field":{"ID":783,"key":"field_67f661484735c","label":"Exemples comparables","name":"exemples_comparables","aria-label":"","prefix":"acf","type":"wysiwyg","value":null,"menu_order":2,"instructions":"","required":0,"id":"","class":"","conditional_logic":0,"parent":614,"wrapper":{"width":"","class":"","id":""},"wp-typography":"content","default_value":"","tabs":"all","toolbar":"full","media_upload":1,"delay":0,"wpml_cf_preferences":2,"_name":"exemples_comparables","_valid":1}},"exemples_vraisemblablement_identiques":{"simple_value_formatted":"<div class=\"page\" title=\"Page 3\">\n<div class=\"layoutArea\">\n<div class=\"column\">\n<div class=\"page\" title=\"Page 3\">\n<div class=\"layoutArea\">\n<div class=\"column\">\n<h3>Similar example:<\/h3>\n<ul>\n<li>Pair of candlesticks, Louis XV period, private collection.<\/li>\n<\/ul>\n<\/div>\n<\/div>\n<\/div>\n<\/div>\n<\/div>\n<\/div>\n","value_formatted":"<div class=\"page\" title=\"Page 3\">\r\n<div class=\"layoutArea\">\r\n<div class=\"column\">\r\n<div class=\"page\" title=\"Page 3\">\r\n<div class=\"layoutArea\">\r\n<div class=\"column\">\r\n<h3>Similar example:<\/h3>\r\n<ul>\r\n \t<li>Pair of candlesticks, Louis XV period, private collection.<\/li>\r\n<\/ul>\r\n<\/div>\r\n<\/div>\r\n<\/div>\r\n<\/div>\r\n<\/div>\r\n<\/div>","value":"<div class=\"page\" title=\"Page 3\">\r\n<div class=\"layoutArea\">\r\n<div class=\"column\">\r\n<div class=\"page\" title=\"Page 3\">\r\n<div class=\"layoutArea\">\r\n<div class=\"column\">\r\n<h3>Similar example:<\/h3>\r\n<ul>\r\n \t<li>Pair of candlesticks, Louis XV period, private collection.<\/li>\r\n<\/ul>\r\n<\/div>\r\n<\/div>\r\n<\/div>\r\n<\/div>\r\n<\/div>\r\n<\/div>","field":{"ID":786,"key":"field_67f662067360c","label":"Exemples vraisemblablement identiques","name":"exemples_vraisemblablement_identiques","aria-label":"","prefix":"acf","type":"wysiwyg","value":null,"menu_order":3,"instructions":"","required":0,"id":"","class":"","conditional_logic":0,"parent":614,"wrapper":{"width":"","class":"","id":""},"wp-typography":"content","default_value":"","tabs":"all","toolbar":"full","media_upload":1,"delay":0,"wpml_cf_preferences":2,"_name":"exemples_vraisemblablement_identiques","_valid":1}},"publications":{"simple_value_formatted":"","value_formatted":"","value":"","field":{"ID":784,"key":"field_67f661604735d","label":"Publications","name":"publications","aria-label":"","prefix":"acf","type":"wysiwyg","value":null,"menu_order":4,"instructions":"","required":0,"id":"","class":"","conditional_logic":0,"parent":614,"wrapper":{"width":"","class":"","id":""},"wp-typography":"content","default_value":"","tabs":"all","toolbar":"full","media_upload":1,"delay":0,"wpml_cf_preferences":2,"_name":"publications","_valid":1}},"description_de_lobjet":{"simple_value_formatted":"<div class=\"page\" title=\"Page 3\">\n<div class=\"layoutArea\">\n<div class=\"column\">\n<div class=\"page\" title=\"Page 6\">\n<div class=\"layoutArea\">\n<div class=\"column\">\n<h3>Description<\/h3>\n<\/div>\n<\/div>\n<\/div>\n<p>The restless base of these ormolu candlesticks is adorned with alternating asymmetrical rocaille cartouches and fluted motifs on an amati background underlined by scrolls.<br \/>\nThe baluster shaft is adorned with gadrooned motifs up to the shoulder. The latter is decorated with scrolling leaves, before stretching in a twisted movement to the binet.<\/p>\n<p>This upper part, also sinuous, is decorated with palms, chiseled wheat ears and curves. Scrolls adorn the neck.<\/p>\n<\/div>\n<\/div>\n<\/div>\n","value_formatted":"<div class=\"page\" title=\"Page 3\">\r\n<div class=\"layoutArea\">\r\n<div class=\"column\">\r\n<div class=\"page\" title=\"Page 6\">\r\n<div class=\"layoutArea\">\r\n<div class=\"column\">\r\n<h3>Description<\/h3>\r\n<\/div>\r\n<\/div>\r\n<\/div>\r\nThe restless base of these ormolu candlesticks is adorned with alternating asymmetrical rocaille cartouches and fluted motifs on an amati background underlined by scrolls.\r\nThe baluster shaft is adorned with gadrooned motifs up to the shoulder. The latter is decorated with scrolling leaves, before stretching in a twisted movement to the binet.\r\n\r\nThis upper part, also sinuous, is decorated with palms, chiseled wheat ears and curves. Scrolls adorn the neck.\r\n\r\n<\/div>\r\n<\/div>\r\n<\/div>","value":"<div class=\"page\" title=\"Page 3\">\r\n<div class=\"layoutArea\">\r\n<div class=\"column\">\r\n<div class=\"page\" title=\"Page 6\">\r\n<div class=\"layoutArea\">\r\n<div class=\"column\">\r\n<h3>Description<\/h3>\r\n<\/div>\r\n<\/div>\r\n<\/div>\r\nThe restless base of these ormolu candlesticks is adorned with alternating asymmetrical rocaille cartouches and fluted motifs on an amati background underlined by scrolls.\r\nThe baluster shaft is adorned with gadrooned motifs up to the shoulder. The latter is decorated with scrolling leaves, before stretching in a twisted movement to the binet.\r\n\r\nThis upper part, also sinuous, is decorated with palms, chiseled wheat ears and curves. Scrolls adorn the neck.\r\n\r\n<\/div>\r\n<\/div>\r\n<\/div>","field":{"ID":615,"key":"field_67e67d7bae7bc","label":"Description de l'objet","name":"description_de_lobjet","aria-label":"","prefix":"acf","type":"wysiwyg","value":null,"menu_order":5,"instructions":"","required":0,"id":"","class":"","conditional_logic":0,"parent":614,"wrapper":{"width":"","class":"","id":""},"default_value":"","tabs":"all","toolbar":"full","media_upload":1,"delay":0,"wpml_cf_preferences":2,"_name":"description_de_lobjet","_valid":1}},"histoire_de_lobjet":{"simple_value_formatted":"<div class=\"page\" title=\"Page 3\">\n<div class=\"layoutArea\">\n<div class=\"column\">\n<h3><\/h3>\n<h3>The elegant rocaille swirl<\/h3>\n<p>Ormolu candlesticks proliferated in the first decades of the 18th century. Intended to be used in pairs on mantels, tables, desks, chests of drawers, etc., their shapes, designed to be viewed from different angles, are the ideal vehicle for rocaille experiments with swirling forms animated by asymmetrical curves, as well as ornaments derived from the plant and marine world. Scrolls and palmettes stretch gracefully along the surfaces, swirling around silhouettes populated by shells and flowers in a graceful, serene movement far removed from the rococo bustle too quickly associated with rocaille.<\/p>\n<p>The asymmetry of rocaille compositions is in fact perfectly controlled. In goldsmiths' and silversmiths' work, the central part culminates in a widening base, guiding the eye vertically up to the upper part, with a play of undulating curves and counter-curves in which the decorations continue.<\/p>\n<\/div>\n<\/div>\n<\/div>\n","value_formatted":"<div class=\"page\" title=\"Page 3\">\r\n<div class=\"layoutArea\">\r\n<div class=\"column\">\r\n<h3><\/h3>\r\n<h3>The elegant rocaille swirl<\/h3>\r\nOrmolu candlesticks proliferated in the first decades of the 18th century. Intended to be used in pairs on mantels, tables, desks, chests of drawers, etc., their shapes, designed to be viewed from different angles, are the ideal vehicle for rocaille experiments with swirling forms animated by asymmetrical curves, as well as ornaments derived from the plant and marine world. Scrolls and palmettes stretch gracefully along the surfaces, swirling around silhouettes populated by shells and flowers in a graceful, serene movement far removed from the rococo bustle too quickly associated with rocaille.\r\n\r\nThe asymmetry of rocaille compositions is in fact perfectly controlled. In goldsmiths' and silversmiths' work, the central part culminates in a widening base, guiding the eye vertically up to the upper part, with a play of undulating curves and counter-curves in which the decorations continue.\r\n\r\n<\/div>\r\n<\/div>\r\n<\/div>","value":"<div class=\"page\" title=\"Page 3\">\r\n<div class=\"layoutArea\">\r\n<div class=\"column\">\r\n<h3><\/h3>\r\n<h3>The elegant rocaille swirl<\/h3>\r\nOrmolu candlesticks proliferated in the first decades of the 18th century. Intended to be used in pairs on mantels, tables, desks, chests of drawers, etc., their shapes, designed to be viewed from different angles, are the ideal vehicle for rocaille experiments with swirling forms animated by asymmetrical curves, as well as ornaments derived from the plant and marine world. Scrolls and palmettes stretch gracefully along the surfaces, swirling around silhouettes populated by shells and flowers in a graceful, serene movement far removed from the rococo bustle too quickly associated with rocaille.\r\n\r\nThe asymmetry of rocaille compositions is in fact perfectly controlled. In goldsmiths' and silversmiths' work, the central part culminates in a widening base, guiding the eye vertically up to the upper part, with a play of undulating curves and counter-curves in which the decorations continue.\r\n\r\n<\/div>\r\n<\/div>\r\n<\/div>","field":{"ID":617,"key":"field_67e67ebc1f746","label":"Histoire de l'objet","name":"histoire_de_lobjet","aria-label":"","prefix":"acf","type":"wysiwyg","value":null,"menu_order":6,"instructions":"","required":0,"id":"","class":"","conditional_logic":0,"parent":614,"wrapper":{"width":"","class":"","id":""},"default_value":"","allow_in_bindings":0,"tabs":"all","toolbar":"full","media_upload":1,"delay":0,"wpml_cf_preferences":2,"_name":"histoire_de_lobjet","_valid":1}},"bibliographie":{"simple_value_formatted":"<div class=\"page\" title=\"Page 6\">\n<div class=\"layoutArea\">\n<div class=\"column\">\n<h3><\/h3>\n<h3>Bibliography<\/h3>\n<div class=\"page\" title=\"Page 6\">\n<div class=\"layoutArea\">\n<div class=\"column\">\n<ul>\n<li>Pierre Verlet, <em>Les bronzes dor\u00e9s fran\u00e7ais du XVIIIe si\u00e8cle, Paris, \u00e9ditions Picard, 2003, p.190- 197.<\/em><\/li>\n<\/ul>\n<\/div>\n<\/div>\n<\/div>\n<\/div>\n<\/div>\n<\/div>\n","value_formatted":"<div class=\"page\" title=\"Page 6\">\r\n<div class=\"layoutArea\">\r\n<div class=\"column\">\r\n<h3><\/h3>\r\n<h3>Bibliography<\/h3>\r\n<div class=\"page\" title=\"Page 6\">\r\n<div class=\"layoutArea\">\r\n<div class=\"column\">\r\n<ul>\r\n \t<li>Pierre Verlet, <em>Les bronzes dor\u00e9s fran\u00e7ais du XVIIIe si\u00e8cle, Paris, \u00e9ditions Picard, 2003, p.190- 197.<\/em><\/li>\r\n<\/ul>\r\n<\/div>\r\n<\/div>\r\n<\/div>\r\n<\/div>\r\n<\/div>\r\n<\/div>","value":"<div class=\"page\" title=\"Page 6\">\r\n<div class=\"layoutArea\">\r\n<div class=\"column\">\r\n<h3><\/h3>\r\n<h3>Bibliography<\/h3>\r\n<div class=\"page\" title=\"Page 6\">\r\n<div class=\"layoutArea\">\r\n<div class=\"column\">\r\n<ul>\r\n \t<li>Pierre Verlet, <em>Les bronzes dor\u00e9s fran\u00e7ais du XVIIIe si\u00e8cle, Paris, \u00e9ditions Picard, 2003, p.190- 197.<\/em><\/li>\r\n<\/ul>\r\n<\/div>\r\n<\/div>\r\n<\/div>\r\n<\/div>\r\n<\/div>\r\n<\/div>","field":{"ID":780,"key":"field_67f660ee47359","label":"Bibliographie","name":"bibliographie","aria-label":"","prefix":"acf","type":"wysiwyg","value":null,"menu_order":7,"instructions":"","required":0,"id":"","class":"","conditional_logic":0,"parent":614,"wrapper":{"width":"","class":"","id":""},"wp-typography":"content","default_value":"","tabs":"all","toolbar":"full","media_upload":1,"delay":0,"wpml_cf_preferences":2,"_name":"bibliographie","_valid":1}},"etat_de_lobjet":{"simple_value_formatted":"","value_formatted":"","value":"","field":{"ID":618,"key":"field_67e67ee61f747","label":"\u00c9tat de l'objet","name":"etat_de_lobjet","aria-label":"","prefix":"acf","type":"wysiwyg","value":null,"menu_order":8,"instructions":"","required":0,"id":"","class":"","conditional_logic":0,"parent":614,"wrapper":{"width":"","class":"","id":""},"default_value":"","allow_in_bindings":0,"tabs":"all","toolbar":"full","media_upload":1,"delay":0,"wpml_cf_preferences":2,"_name":"etat_de_lobjet","_valid":1}},"informations_complementaires":{"simple_value_formatted":"","value_formatted":"","value":"","field":{"ID":619,"key":"field_67e67efb1f748","label":"Informations compl\u00e9mentaires","name":"informations_complementaires","aria-label":"","prefix":"acf","type":"wysiwyg","value":null,"menu_order":9,"instructions":"","required":0,"id":"","class":"","conditional_logic":0,"parent":614,"wrapper":{"width":"","class":"","id":""},"default_value":"","allow_in_bindings":0,"tabs":"all","toolbar":"full","media_upload":1,"delay":0,"wpml_cf_preferences":2,"_name":"informations_complementaires","_valid":1}},"":{"simple_value_formatted":"","value_formatted":"","value":"","field":{"ID":785,"key":"field_67f6616f4735e","label":"","name":"","aria-label":"","prefix":"acf","type":"text","value":null,"menu_order":10,"instructions":"","required":0,"id":"","class":"","conditional_logic":0,"parent":614,"wrapper":{"width":"","class":"","id":""},"wp-typography":"title","default_value":"","maxlength":"","placeholder":"","prepend":"","append":"","wpml_cf_preferences":2,"_name":"","_valid":1}}},"mb":[],"mfb_rest_fields":["title"],"_links":{"self":[{"href":"https:\/\/youngcollectors.galerieleage.com\/en\/wp-json\/wp\/v2\/product\/2640","targetHints":{"allow":["GET"]}}],"collection":[{"href":"https:\/\/youngcollectors.galerieleage.com\/en\/wp-json\/wp\/v2\/product"}],"about":[{"href":"https:\/\/youngcollectors.galerieleage.com\/en\/wp-json\/wp\/v2\/types\/product"}],"wp:featuredmedia":[{"embeddable":true,"href":"https:\/\/youngcollectors.galerieleage.com\/en\/wp-json\/wp\/v2\/media\/2813"}],"wp:attachment":[{"href":"https:\/\/youngcollectors.galerieleage.com\/en\/wp-json\/wp\/v2\/media?parent=2640"}],"wp:term":[{"taxonomy":"product_brand","embeddable":true,"href":"https:\/\/youngcollectors.galerieleage.com\/en\/wp-json\/wp\/v2\/product_brand?post=2640"},{"taxonomy":"product_cat","embeddable":true,"href":"https:\/\/youngcollectors.galerieleage.com\/en\/wp-json\/wp\/v2\/product_cat?post=2640"},{"taxonomy":"product_tag","embeddable":true,"href":"https:\/\/youngcollectors.galerieleage.com\/en\/wp-json\/wp\/v2\/product_tag?post=2640"}],"curies":[{"name":"wp","href":"https:\/\/api.w.org\/{rel}","templated":true}]}}